{"id":8375,"date":"2025-04-29T14:45:52","date_gmt":"2025-04-29T12:45:52","guid":{"rendered":"https:\/\/www.aucoeurdelamain.fr\/?post_type=product&#038;p=8375"},"modified":"2025-04-29T16:27:27","modified_gmt":"2025-04-29T14:27:27","slug":"table-dechecs","status":"publish","type":"product","link":"https:\/\/www.aucoeurdelamain.fr\/index.php\/product\/table-dechecs\/","title":{"rendered":"Table d&#8217;\u00e9checs"},"content":{"rendered":"<p>Table de jeux d\u2019echecs, \u00e0 pistons<br \/>\nLa passion du jeu<br \/>\nTable r\u00e9alis\u00e9e pour un collectionneur de jeux d\u2019\u00e9checs : 30 tiroirs de rangement de jeux, 4 tiroirs secrets, 1 vitrine, 2 plateaux<br \/>\nde jeux qui coulissent et se l\u00e8vent gr\u00e2ce \u00e0 un syst\u00e8me de pistons. Un challenge cr\u00e9atif passionnant<br \/>\nde faire rentrer l\u2019ensemble dans une table basse.<br \/>\nMati\u00e8res : Etimo\u00e9, acajou, ch\u00eane et sycomore<br \/>\nDimensions : 110*65*45 cm repli\u00e9e, les plateaux de jeu font 65*65 cm, les 2 pistons modulables,<br \/>\npermettent de passer la hauteur de jeu de 45cm \u00e0 75cm &#8211; Juin 2014<\/p>\n","protected":false},"excerpt":{"rendered":"<p>Table de jeux d\u2019echecs, \u00e0 pistons<\/p>\n","protected":false},"featured_media":6182,"comment_status":"open","ping_status":"closed","template":"","meta":[],"product_brand":[],"product_cat":[109],"product_tag":[],"class_list":{"0":"post-8375","1":"product","2":"type-product","3":"status-publish","4":"has-post-thumbnail","6":"product_cat-editions-bdm2","8":"first","9":"instock","10":"shipping-taxable","11":"purchasable","12":"product-type-simple"},"jetpack_sharing_enabled":true,"_links":{"self":[{"href":"https:\/\/www.aucoeurdelamain.fr\/index.php\/wp-json\/wp\/v2\/product\/8375","targetHints":{"allow":["GET"]}}],"collection":[{"href":"https:\/\/www.aucoeurdelamain.fr\/index.php\/wp-json\/wp\/v2\/product"}],"about":[{"href":"https:\/\/www.aucoeurdelamain.fr\/index.php\/wp-json\/wp\/v2\/types\/product"}],"replies":[{"embeddable":true,"href":"https:\/\/www.aucoeurdelamain.fr\/index.php\/wp-json\/wp\/v2\/comments?post=8375"}],"wp:featuredmedia":[{"embeddable":true,"href":"https:\/\/www.aucoeurdelamain.fr\/index.php\/wp-json\/wp\/v2\/media\/6182"}],"wp:attachment":[{"href":"https:\/\/www.aucoeurdelamain.fr\/index.php\/wp-json\/wp\/v2\/media?parent=8375"}],"wp:term":[{"taxonomy":"product_brand","embeddable":true,"href":"https:\/\/www.aucoeurdelamain.fr\/index.php\/wp-json\/wp\/v2\/product_brand?post=8375"},{"taxonomy":"product_cat","embeddable":true,"href":"https:\/\/www.aucoeurdelamain.fr\/index.php\/wp-json\/wp\/v2\/product_cat?post=8375"},{"taxonomy":"product_tag","embeddable":true,"href":"https:\/\/www.aucoeurdelamain.fr\/index.php\/wp-json\/wp\/v2\/product_tag?post=8375"}],"curies":[{"name":"wp","href":"https:\/\/api.w.org\/{rel}","templated":true}]}}