{"id":8373,"date":"2025-04-29T14:30:00","date_gmt":"2025-04-29T12:30:00","guid":{"rendered":"https:\/\/www.aucoeurdelamain.fr\/?page_id=8373"},"modified":"2025-04-29T16:50:12","modified_gmt":"2025-04-29T14:50:12","slug":"shop-v1","status":"publish","type":"page","link":"https:\/\/www.aucoeurdelamain.fr\/index.php\/shop-v1\/","title":{"rendered":"Shop V1"},"content":{"rendered":"\t\t<div data-elementor-type=\"wp-page\" data-elementor-id=\"8373\" class=\"elementor elementor-8373\">\n\t\t\t\t<div class=\"elementor-element elementor-element-5e07b9b e-flex e-con-boxed wpr-particle-no wpr-jarallax-no wpr-parallax-no wpr-sticky-section-no wpr-equal-height-no e-con e-parent\" data-id=\"5e07b9b\" data-element_type=\"container\" data-e-type=\"container\">\n\t\t\t\t\t<div class=\"e-con-inner\">\n\t\t\t\t<div class=\"elementor-element elementor-element-5a90884 elementor-widget elementor-widget-heading\" data-id=\"5a90884\" data-element_type=\"widget\" data-e-type=\"widget\" data-widget_type=\"heading.default\">\n\t\t\t\t<div class=\"elementor-widget-container\">\n\t\t\t\t\t<h2 class=\"elementor-heading-title elementor-size-default\">Boutique<\/h2>\t\t\t\t<\/div>\n\t\t\t\t<\/div>\n\t\t\t\t\t<\/div>\n\t\t\t\t<\/div>\n\t\t<div class=\"elementor-element elementor-element-8b2dbb3 e-flex e-con-boxed wpr-particle-no wpr-jarallax-no wpr-parallax-no wpr-sticky-section-no wpr-equal-height-no e-con e-parent\" data-id=\"8b2dbb3\" data-element_type=\"container\" data-e-type=\"container\">\n\t\t\t\t\t<div class=\"e-con-inner\">\n\t\t\t\t<div class=\"elementor-element elementor-element-24848f8 elementor-widget elementor-widget-mkdf_product_list\" data-id=\"24848f8\" data-element_type=\"widget\" data-e-type=\"widget\" data-widget_type=\"mkdf_product_list.default\">\n\t\t\t\t<div class=\"elementor-widget-container\">\n\t\t\t\t\t<div class=\"mkdf-pl-holder mkdf-grid-list mkdf-grid-masonry-list mkdf-disable-bottom-space mkdf-masonry-layout mkdf-three-columns mkdf-normal-space mkdf-info-on-image mkdf-product-info-default\">\n\t<div class=\"mkdf-pl-outer mkdf-outer-space mkdf-masonry-list-wrapper\">\n\t\t<div class=\"mkdf-masonry-grid-sizer\"><\/div>\n\t\t<div class=\"mkdf-masonry-grid-gutter\"><\/div>\n\t\t<div class=\"mkdf-pli mkdf-item-space \">\n\t<div class=\"mkdf-pli-inner\">\n\t\t<div class=\"mkdf-pli-image\">\n\t\t\t\n<img fetchpriority=\"high\" decoding=\"async\" width=\"650\" height=\"650\" src=\"https:\/\/www.aucoeurdelamain.fr\/wp-content\/uploads\/2025\/04\/Copie-de-Echecs-3-650x650.jpg\" class=\"attachment-dor_mikado_image_square size-dor_mikado_image_square wp-post-image\" alt=\"\" srcset=\"https:\/\/www.aucoeurdelamain.fr\/wp-content\/uploads\/2025\/04\/Copie-de-Echecs-3-650x650.jpg 650w, https:\/\/www.aucoeurdelamain.fr\/wp-content\/uploads\/2025\/04\/Copie-de-Echecs-3-150x150.jpg 150w, https:\/\/www.aucoeurdelamain.fr\/wp-content\/uploads\/2025\/04\/Copie-de-Echecs-3-450x450.jpg 450w, https:\/\/www.aucoeurdelamain.fr\/wp-content\/uploads\/2025\/04\/Copie-de-Echecs-3-1300x1300.jpg 1300w, https:\/\/www.aucoeurdelamain.fr\/wp-content\/uploads\/2025\/04\/Copie-de-Echecs-3-300x300.jpg 300w, https:\/\/www.aucoeurdelamain.fr\/wp-content\/uploads\/2025\/04\/Copie-de-Echecs-3-100x100.jpg 100w\" sizes=\"(max-width: 650px) 100vw, 650px\" \/>\t\t<\/div>\n\t\t<div class=\"mkdf-pli-text\" >\n\t\t\t<div class=\"mkdf-pli-text-outer\">\n\t\t\t\t<div class=\"mkdf-pli-text-inner\">\n\t\t\t\t\t\t<div class=\"mkdf-pli-price\"><span class=\"woocommerce-Price-amount amount\"><span class=\"woocommerce-Price-currencySymbol\">&#036;<\/span>12,500.00<\/span><\/div>\n\t\t\t\t\t\n\t\t\t\t\t    <h4 itemprop=\"name\" class=\"entry-title mkdf-pli-title\" >\n\t\t<a itemprop=\"url\" href=\"https:\/\/www.aucoeurdelamain.fr\/index.php\/product\/table-dechecs\/\">Table d&#8217;\u00e9checs<\/a>\n\t<\/h4>\n\t\t\t\t\t\n\t\t\t\t\t\t\t\t\t\t\n\t\t\t\t\t\t\t\t\t\t\n\t\t\t\t\t\t\t\t\t\t\n\t\t\t\t\t\t\n\t<div class=\"mkdf-pli-add-to-cart mkdf-default-skin\">\n\t\t<a rel=\"nofollow\" href=\"\/index.php\/wp-json\/wp\/v2\/pages\/8373?add-to-cart=8375\" data-quantity=\"1\" data-product_id=\"8375\" data-product_sku=\"\" class=\"button add_to_cart_button ajax_add_to_cart mkdf-button\">Ajouter au panier<\/a>\t<\/div>\n\t\t\t\t<\/div>\n\t\t\t<\/div>\n\t\t<\/div>\n\t\t<a class=\"mkdf-pli-link\" itemprop=\"url\" href=\"https:\/\/www.aucoeurdelamain.fr\/index.php\/product\/table-dechecs\/\" title=\"Table d&#8217;\u00e9checs\"><\/a>\n\t<\/div>\n<\/div><div class=\"mkdf-pli mkdf-item-space \">\n\t<div class=\"mkdf-pli-inner\">\n\t\t<div class=\"mkdf-pli-image\">\n\t\t\t\n<img decoding=\"async\" width=\"650\" height=\"650\" src=\"https:\/\/www.aucoeurdelamain.fr\/wp-content\/uploads\/2025\/04\/Copie-de-Modules-Papillon-1-650x650.jpg\" class=\"attachment-dor_mikado_image_square size-dor_mikado_image_square wp-post-image\" alt=\"\" srcset=\"https:\/\/www.aucoeurdelamain.fr\/wp-content\/uploads\/2025\/04\/Copie-de-Modules-Papillon-1-650x650.jpg 650w, https:\/\/www.aucoeurdelamain.fr\/wp-content\/uploads\/2025\/04\/Copie-de-Modules-Papillon-1-150x150.jpg 150w, https:\/\/www.aucoeurdelamain.fr\/wp-content\/uploads\/2025\/04\/Copie-de-Modules-Papillon-1-450x450.jpg 450w, https:\/\/www.aucoeurdelamain.fr\/wp-content\/uploads\/2025\/04\/Copie-de-Modules-Papillon-1-1300x1300.jpg 1300w, https:\/\/www.aucoeurdelamain.fr\/wp-content\/uploads\/2025\/04\/Copie-de-Modules-Papillon-1-300x300.jpg 300w, https:\/\/www.aucoeurdelamain.fr\/wp-content\/uploads\/2025\/04\/Copie-de-Modules-Papillon-1-100x100.jpg 100w\" sizes=\"(max-width: 650px) 100vw, 650px\" \/>\t\t<\/div>\n\t\t<div class=\"mkdf-pli-text\" >\n\t\t\t<div class=\"mkdf-pli-text-outer\">\n\t\t\t\t<div class=\"mkdf-pli-text-inner\">\n\t\t\t\t\t\t<div class=\"mkdf-pli-price\"><span class=\"woocommerce-Price-amount amount\"><span class=\"woocommerce-Price-currencySymbol\">&#036;<\/span>775.00<\/span><\/div>\n\t\t\t\t\t\n\t\t\t\t\t    <h4 itemprop=\"name\" class=\"entry-title mkdf-pli-title\" >\n\t\t<a itemprop=\"url\" href=\"https:\/\/www.aucoeurdelamain.fr\/index.php\/product\/modules-papillon\/\">Modules Papillon<\/a>\n\t<\/h4>\n\t\t\t\t\t\n\t\t\t\t\t\t\t\t\t\t\n\t\t\t\t\t\t\t\t\t\t\n\t\t\t\t\t\t\t\t\t\t\n\t\t\t\t\t\t\n\t<div class=\"mkdf-pli-add-to-cart mkdf-default-skin\">\n\t\t<a rel=\"nofollow\" href=\"\/index.php\/wp-json\/wp\/v2\/pages\/8373?add-to-cart=8388\" data-quantity=\"1\" data-product_id=\"8388\" data-product_sku=\"\" class=\"button add_to_cart_button ajax_add_to_cart mkdf-button\">Ajouter au panier<\/a>\t<\/div>\n\t\t\t\t<\/div>\n\t\t\t<\/div>\n\t\t<\/div>\n\t\t<a class=\"mkdf-pli-link\" itemprop=\"url\" href=\"https:\/\/www.aucoeurdelamain.fr\/index.php\/product\/modules-papillon\/\" title=\"Modules Papillon\"><\/a>\n\t<\/div>\n<\/div><div class=\"mkdf-pli mkdf-item-space \">\n\t<div class=\"mkdf-pli-inner\">\n\t\t<div class=\"mkdf-pli-image\">\n\t\t\t\n<img decoding=\"async\" width=\"650\" height=\"650\" src=\"https:\/\/www.aucoeurdelamain.fr\/wp-content\/uploads\/2025\/04\/Copie-de-Modules-Hexagones-2-650x650.jpg\" class=\"attachment-dor_mikado_image_square size-dor_mikado_image_square wp-post-image\" alt=\"\" srcset=\"https:\/\/www.aucoeurdelamain.fr\/wp-content\/uploads\/2025\/04\/Copie-de-Modules-Hexagones-2-650x650.jpg 650w, https:\/\/www.aucoeurdelamain.fr\/wp-content\/uploads\/2025\/04\/Copie-de-Modules-Hexagones-2-150x150.jpg 150w, https:\/\/www.aucoeurdelamain.fr\/wp-content\/uploads\/2025\/04\/Copie-de-Modules-Hexagones-2-450x450.jpg 450w, https:\/\/www.aucoeurdelamain.fr\/wp-content\/uploads\/2025\/04\/Copie-de-Modules-Hexagones-2-1300x1300.jpg 1300w, https:\/\/www.aucoeurdelamain.fr\/wp-content\/uploads\/2025\/04\/Copie-de-Modules-Hexagones-2-300x300.jpg 300w, https:\/\/www.aucoeurdelamain.fr\/wp-content\/uploads\/2025\/04\/Copie-de-Modules-Hexagones-2-100x100.jpg 100w\" sizes=\"(max-width: 650px) 100vw, 650px\" \/>\t\t<\/div>\n\t\t<div class=\"mkdf-pli-text\" >\n\t\t\t<div class=\"mkdf-pli-text-outer\">\n\t\t\t\t<div class=\"mkdf-pli-text-inner\">\n\t\t\t\t\t\t<div class=\"mkdf-pli-price\"><span class=\"woocommerce-Price-amount amount\"><span class=\"woocommerce-Price-currencySymbol\">&#036;<\/span>825.00<\/span><\/div>\n\t\t\t\t\t\n\t\t\t\t\t    <h4 itemprop=\"name\" class=\"entry-title mkdf-pli-title\" >\n\t\t<a itemprop=\"url\" href=\"https:\/\/www.aucoeurdelamain.fr\/index.php\/product\/modules-hexagone\/\">Modules Hexagone<\/a>\n\t<\/h4>\n\t\t\t\t\t\n\t\t\t\t\t\t\t\t\t\t\n\t\t\t\t\t\t\t\t\t\t\n\t\t\t\t\t\t\t\t\t\t\n\t\t\t\t\t\t\n\t<div class=\"mkdf-pli-add-to-cart mkdf-default-skin\">\n\t\t<a rel=\"nofollow\" href=\"\/index.php\/wp-json\/wp\/v2\/pages\/8373?add-to-cart=8389\" data-quantity=\"1\" data-product_id=\"8389\" data-product_sku=\"\" class=\"button add_to_cart_button ajax_add_to_cart mkdf-button\">Ajouter au panier<\/a>\t<\/div>\n\t\t\t\t<\/div>\n\t\t\t<\/div>\n\t\t<\/div>\n\t\t<a class=\"mkdf-pli-link\" itemprop=\"url\" href=\"https:\/\/www.aucoeurdelamain.fr\/index.php\/product\/modules-hexagone\/\" title=\"Modules Hexagone\"><\/a>\n\t<\/div>\n<\/div><div class=\"mkdf-pli mkdf-item-space \">\n\t<div class=\"mkdf-pli-inner\">\n\t\t<div class=\"mkdf-pli-image\">\n\t\t\t\n<img loading=\"lazy\" decoding=\"async\" width=\"650\" height=\"650\" src=\"https:\/\/www.aucoeurdelamain.fr\/wp-content\/uploads\/2025\/04\/TableBDM2-2-650x650.jpg\" class=\"attachment-dor_mikado_image_square size-dor_mikado_image_square wp-post-image\" alt=\"\" srcset=\"https:\/\/www.aucoeurdelamain.fr\/wp-content\/uploads\/2025\/04\/TableBDM2-2-650x650.jpg 650w, https:\/\/www.aucoeurdelamain.fr\/wp-content\/uploads\/2025\/04\/TableBDM2-2-150x150.jpg 150w, https:\/\/www.aucoeurdelamain.fr\/wp-content\/uploads\/2025\/04\/TableBDM2-2-450x450.jpg 450w, https:\/\/www.aucoeurdelamain.fr\/wp-content\/uploads\/2025\/04\/TableBDM2-2-1300x1300.jpg 1300w, https:\/\/www.aucoeurdelamain.fr\/wp-content\/uploads\/2025\/04\/TableBDM2-2-300x300.jpg 300w, https:\/\/www.aucoeurdelamain.fr\/wp-content\/uploads\/2025\/04\/TableBDM2-2-100x100.jpg 100w\" sizes=\"(max-width: 650px) 100vw, 650px\" \/>\t\t<\/div>\n\t\t<div class=\"mkdf-pli-text\" >\n\t\t\t<div class=\"mkdf-pli-text-outer\">\n\t\t\t\t<div class=\"mkdf-pli-text-inner\">\n\t\t\t\t\t\t<div class=\"mkdf-pli-price\"><span class=\"woocommerce-Price-amount amount\"><span class=\"woocommerce-Price-currencySymbol\">&#036;<\/span>1,320.00<\/span><\/div>\n\t\t\t\t\t\n\t\t\t\t\t    <h4 itemprop=\"name\" class=\"entry-title mkdf-pli-title\" >\n\t\t<a itemprop=\"url\" href=\"https:\/\/www.aucoeurdelamain.fr\/index.php\/product\/table-en-ebene-de-macassar\/\">Table en \u00e9b\u00e8ne de macassar<\/a>\n\t<\/h4>\n\t\t\t\t\t\n\t\t\t\t\t\t\t\t\t\t\n\t\t\t\t\t\t\t\t\t\t\n\t\t\t\t\t\t\t\t\t\t\n\t\t\t\t\t\t\n\t<div class=\"mkdf-pli-add-to-cart mkdf-default-skin\">\n\t\t<a rel=\"nofollow\" href=\"\/index.php\/wp-json\/wp\/v2\/pages\/8373?add-to-cart=8391\" data-quantity=\"1\" data-product_id=\"8391\" data-product_sku=\"\" class=\"button add_to_cart_button ajax_add_to_cart mkdf-button\">Ajouter au panier<\/a>\t<\/div>\n\t\t\t\t<\/div>\n\t\t\t<\/div>\n\t\t<\/div>\n\t\t<a class=\"mkdf-pli-link\" itemprop=\"url\" href=\"https:\/\/www.aucoeurdelamain.fr\/index.php\/product\/table-en-ebene-de-macassar\/\" title=\"Table en \u00e9b\u00e8ne de macassar\"><\/a>\n\t<\/div>\n<\/div><div class=\"mkdf-pli mkdf-item-space \">\n\t<div class=\"mkdf-pli-inner\">\n\t\t<div class=\"mkdf-pli-image\">\n\t\t\t\n<img loading=\"lazy\" decoding=\"async\" width=\"650\" height=\"650\" src=\"https:\/\/www.aucoeurdelamain.fr\/wp-content\/uploads\/2019\/09\/IMG_0428-650x650.jpg\" class=\"attachment-dor_mikado_image_square size-dor_mikado_image_square wp-post-image\" alt=\"\" srcset=\"https:\/\/www.aucoeurdelamain.fr\/wp-content\/uploads\/2019\/09\/IMG_0428-650x650.jpg 650w, https:\/\/www.aucoeurdelamain.fr\/wp-content\/uploads\/2019\/09\/IMG_0428-150x150.jpg 150w, https:\/\/www.aucoeurdelamain.fr\/wp-content\/uploads\/2019\/09\/IMG_0428-450x450.jpg 450w, https:\/\/www.aucoeurdelamain.fr\/wp-content\/uploads\/2019\/09\/IMG_0428-1300x1300.jpg 1300w, https:\/\/www.aucoeurdelamain.fr\/wp-content\/uploads\/2019\/09\/IMG_0428-300x300.jpg 300w, https:\/\/www.aucoeurdelamain.fr\/wp-content\/uploads\/2019\/09\/IMG_0428-100x100.jpg 100w\" sizes=\"(max-width: 650px) 100vw, 650px\" \/>\t\t<\/div>\n\t\t<div class=\"mkdf-pli-text\" >\n\t\t\t<div class=\"mkdf-pli-text-outer\">\n\t\t\t\t<div class=\"mkdf-pli-text-inner\">\n\t\t\t\t\t\t<div class=\"mkdf-pli-price\"><span class=\"woocommerce-Price-amount amount\"><span class=\"woocommerce-Price-currencySymbol\">&#036;<\/span>480.00<\/span><\/div>\n\t\t\t\t\t\n\t\t\t\t\t    <h4 itemprop=\"name\" class=\"entry-title mkdf-pli-title\" >\n\t\t<a itemprop=\"url\" href=\"https:\/\/www.aucoeurdelamain.fr\/index.php\/product\/tables-de-chevet-en-noyer\/\">Tables de chevet en noyer<\/a>\n\t<\/h4>\n\t\t\t\t\t\n\t\t\t\t\t\t\t\t\t\t\n\t\t\t\t\t\t\t\t\t\t\n\t\t\t\t\t\t\t\t\t\t\n\t\t\t\t\t\t\n\t<div class=\"mkdf-pli-add-to-cart mkdf-default-skin\">\n\t\t<a rel=\"nofollow\" href=\"\/index.php\/wp-json\/wp\/v2\/pages\/8373?add-to-cart=8394\" data-quantity=\"1\" data-product_id=\"8394\" data-product_sku=\"\" class=\"button add_to_cart_button ajax_add_to_cart mkdf-button\">Ajouter au panier<\/a>\t<\/div>\n\t\t\t\t<\/div>\n\t\t\t<\/div>\n\t\t<\/div>\n\t\t<a class=\"mkdf-pli-link\" itemprop=\"url\" href=\"https:\/\/www.aucoeurdelamain.fr\/index.php\/product\/tables-de-chevet-en-noyer\/\" title=\"Tables de chevet en noyer\"><\/a>\n\t<\/div>\n<\/div><div class=\"mkdf-pli mkdf-item-space \">\n\t<div class=\"mkdf-pli-inner\">\n\t\t<div class=\"mkdf-pli-image\">\n\t\t\t\n<img loading=\"lazy\" decoding=\"async\" width=\"650\" height=\"650\" src=\"https:\/\/www.aucoeurdelamain.fr\/wp-content\/uploads\/2025\/04\/Copie-de-Itineraire-BdM-778x1536-1-650x650.jpg\" class=\"attachment-dor_mikado_image_square size-dor_mikado_image_square wp-post-image\" alt=\"\" srcset=\"https:\/\/www.aucoeurdelamain.fr\/wp-content\/uploads\/2025\/04\/Copie-de-Itineraire-BdM-778x1536-1-650x650.jpg 650w, https:\/\/www.aucoeurdelamain.fr\/wp-content\/uploads\/2025\/04\/Copie-de-Itineraire-BdM-778x1536-1-150x150.jpg 150w, https:\/\/www.aucoeurdelamain.fr\/wp-content\/uploads\/2025\/04\/Copie-de-Itineraire-BdM-778x1536-1-450x450.jpg 450w, https:\/\/www.aucoeurdelamain.fr\/wp-content\/uploads\/2025\/04\/Copie-de-Itineraire-BdM-778x1536-1-300x300.jpg 300w, https:\/\/www.aucoeurdelamain.fr\/wp-content\/uploads\/2025\/04\/Copie-de-Itineraire-BdM-778x1536-1-100x100.jpg 100w\" sizes=\"(max-width: 650px) 100vw, 650px\" \/>\t\t<\/div>\n\t\t<div class=\"mkdf-pli-text\" >\n\t\t\t<div class=\"mkdf-pli-text-outer\">\n\t\t\t\t<div class=\"mkdf-pli-text-inner\">\n\t\t\t\t\t\t<div class=\"mkdf-pli-price\"><span class=\"woocommerce-Price-amount amount\"><span class=\"woocommerce-Price-currencySymbol\">&#036;<\/span>640.00<\/span><\/div>\n\t\t\t\t\t\n\t\t\t\t\t    <h4 itemprop=\"name\" class=\"entry-title mkdf-pli-title\" >\n\t\t<a itemprop=\"url\" href=\"https:\/\/www.aucoeurdelamain.fr\/index.php\/product\/la-lampe-itineraire\/\">La Lampe Itin\u00e9raire<\/a>\n\t<\/h4>\n\t\t\t\t\t\n\t\t\t\t\t\t\t\t\t\t\n\t\t\t\t\t\t\t\t\t\t\n\t\t\t\t\t\t\t\t\t\t\n\t\t\t\t\t\t\n\t<div class=\"mkdf-pli-add-to-cart mkdf-default-skin\">\n\t\t<a rel=\"nofollow\" href=\"\/index.php\/wp-json\/wp\/v2\/pages\/8373?add-to-cart=8395\" data-quantity=\"1\" data-product_id=\"8395\" data-product_sku=\"\" class=\"button add_to_cart_button ajax_add_to_cart mkdf-button\">Ajouter au panier<\/a>\t<\/div>\n\t\t\t\t<\/div>\n\t\t\t<\/div>\n\t\t<\/div>\n\t\t<a class=\"mkdf-pli-link\" itemprop=\"url\" href=\"https:\/\/www.aucoeurdelamain.fr\/index.php\/product\/la-lampe-itineraire\/\" title=\"La Lampe Itin\u00e9raire\"><\/a>\n\t<\/div>\n<\/div><div class=\"mkdf-pli mkdf-item-space \">\n\t<div class=\"mkdf-pli-inner\">\n\t\t<div class=\"mkdf-pli-image\">\n\t\t\t\n<img loading=\"lazy\" decoding=\"async\" width=\"650\" height=\"650\" src=\"https:\/\/www.aucoeurdelamain.fr\/wp-content\/uploads\/2025\/04\/Copie-de-IMG-3463-650x650.jpg\" class=\"attachment-dor_mikado_image_square size-dor_mikado_image_square wp-post-image\" alt=\"\" srcset=\"https:\/\/www.aucoeurdelamain.fr\/wp-content\/uploads\/2025\/04\/Copie-de-IMG-3463-650x650.jpg 650w, https:\/\/www.aucoeurdelamain.fr\/wp-content\/uploads\/2025\/04\/Copie-de-IMG-3463-150x150.jpg 150w, https:\/\/www.aucoeurdelamain.fr\/wp-content\/uploads\/2025\/04\/Copie-de-IMG-3463-450x450.jpg 450w, https:\/\/www.aucoeurdelamain.fr\/wp-content\/uploads\/2025\/04\/Copie-de-IMG-3463-1300x1300.jpg 1300w, https:\/\/www.aucoeurdelamain.fr\/wp-content\/uploads\/2025\/04\/Copie-de-IMG-3463-300x300.jpg 300w, https:\/\/www.aucoeurdelamain.fr\/wp-content\/uploads\/2025\/04\/Copie-de-IMG-3463-100x100.jpg 100w\" sizes=\"(max-width: 650px) 100vw, 650px\" \/>\t\t<\/div>\n\t\t<div class=\"mkdf-pli-text\" >\n\t\t\t<div class=\"mkdf-pli-text-outer\">\n\t\t\t\t<div class=\"mkdf-pli-text-inner\">\n\t\t\t\t\t\t<div class=\"mkdf-pli-price\"><span class=\"woocommerce-Price-amount amount\"><span class=\"woocommerce-Price-currencySymbol\">&#036;<\/span>640.00<\/span><\/div>\n\t\t\t\t\t\n\t\t\t\t\t    <h4 itemprop=\"name\" class=\"entry-title mkdf-pli-title\" >\n\t\t<a itemprop=\"url\" href=\"https:\/\/www.aucoeurdelamain.fr\/index.php\/product\/les-lampes-envol\/\">Les Lampes Envol<\/a>\n\t<\/h4>\n\t\t\t\t\t\n\t\t\t\t\t\t\t\t\t\t\n\t\t\t\t\t\t\t\t\t\t\n\t\t\t\t\t\t\t\t\t\t\n\t\t\t\t\t\t\n\t<div class=\"mkdf-pli-add-to-cart mkdf-default-skin\">\n\t\t<a rel=\"nofollow\" href=\"\/index.php\/wp-json\/wp\/v2\/pages\/8373?add-to-cart=8400\" data-quantity=\"1\" data-product_id=\"8400\" data-product_sku=\"\" class=\"button add_to_cart_button ajax_add_to_cart mkdf-button\">Ajouter au panier<\/a>\t<\/div>\n\t\t\t\t<\/div>\n\t\t\t<\/div>\n\t\t<\/div>\n\t\t<a class=\"mkdf-pli-link\" itemprop=\"url\" href=\"https:\/\/www.aucoeurdelamain.fr\/index.php\/product\/les-lampes-envol\/\" title=\"Les Lampes Envol\"><\/a>\n\t<\/div>\n<\/div>\t<\/div>\n<\/div>\t\t\t\t<\/div>\n\t\t\t\t<\/div>\n\t\t\t\t\t<\/div>\n\t\t\t\t<\/div>\n\t\t<div class=\"elementor-element elementor-element-cd99eb6 e-flex e-con-boxed wpr-particle-no wpr-jarallax-no wpr-parallax-no wpr-sticky-section-no wpr-equal-height-no e-con e-parent\" data-id=\"cd99eb6\" data-element_type=\"container\" data-e-type=\"container\">\n\t\t\t\t\t<div class=\"e-con-inner\">\n\t\t<div class=\"elementor-element elementor-element-5e82a15 e-con-full e-flex wpr-particle-no wpr-jarallax-no wpr-parallax-no wpr-sticky-section-no wpr-equal-height-no e-con e-child\" data-id=\"5e82a15\" data-element_type=\"container\" data-e-type=\"container\">\n\t\t\t\t<div class=\"elementor-element elementor-element-27372da elementor-widget elementor-widget-mkdf_product_info\" data-id=\"27372da\" data-element_type=\"widget\" data-e-type=\"widget\" data-widget_type=\"mkdf_product_info.default\">\n\t\t\t\t<div class=\"elementor-widget-container\">\n\t\t\t\t\t<div class=\"mkdf-product-info\"><\/div>\t\t\t\t<\/div>\n\t\t\t\t<\/div>\n\t\t\t\t<\/div>\n\t\t<div class=\"elementor-element elementor-element-aa4f3c9 e-con-full e-flex wpr-particle-no wpr-jarallax-no wpr-parallax-no wpr-sticky-section-no wpr-equal-height-no e-con e-child\" data-id=\"aa4f3c9\" data-element_type=\"container\" data-e-type=\"container\">\n\t\t\t\t<\/div>\n\t\t<div class=\"elementor-element elementor-element-3659841 e-con-full e-flex wpr-particle-no wpr-jarallax-no wpr-parallax-no wpr-sticky-section-no wpr-equal-height-no e-con e-child\" data-id=\"3659841\" data-element_type=\"container\" data-e-type=\"container\">\n\t\t\t\t<\/div>\n\t\t<div class=\"elementor-element elementor-element-68564df e-con-full e-flex wpr-particle-no wpr-jarallax-no wpr-parallax-no wpr-sticky-section-no wpr-equal-height-no e-con e-child\" data-id=\"68564df\" data-element_type=\"container\" data-e-type=\"container\">\n\t\t\t\t<\/div>\n\t\t<div class=\"elementor-element elementor-element-95b8322 e-con-full e-flex wpr-particle-no wpr-jarallax-no wpr-parallax-no wpr-sticky-section-no wpr-equal-height-no e-con e-child\" data-id=\"95b8322\" data-element_type=\"container\" data-e-type=\"container\">\n\t\t\t\t<\/div>\n\t\t\t\t\t<\/div>\n\t\t\t\t<\/div>\n\t\t\t\t<\/div>\n\t\t","protected":false},"excerpt":{"rendered":"<p>Boutique &#036;12,500.00 Table d&#8217;\u00e9checs Ajouter au panier &#036;775.00 Modules Papillon Ajouter au panier &#036;825.00 Modules Hexagone Ajouter au panier &#036;1,320.00 Table en \u00e9b\u00e8ne de macassar Ajouter au panier &#036;480.00 Tables de chevet en noyer Ajouter au panier &#036;640.00 La Lampe Itin\u00e9raire Ajouter au panier &#036;640.00 Les Lampes Envol Ajouter au<\/p>\n","protected":false},"author":3,"featured_media":0,"parent":0,"menu_order":0,"comment_status":"closed","ping_status":"closed","template":"","meta":{"footnotes":""},"class_list":["post-8373","page","type-page","status-publish","hentry"],"jetpack_sharing_enabled":true,"_links":{"self":[{"href":"https:\/\/www.aucoeurdelamain.fr\/index.php\/wp-json\/wp\/v2\/pages\/8373","targetHints":{"allow":["GET"]}}],"collection":[{"href":"https:\/\/www.aucoeurdelamain.fr\/index.php\/wp-json\/wp\/v2\/pages"}],"about":[{"href":"https:\/\/www.aucoeurdelamain.fr\/index.php\/wp-json\/wp\/v2\/types\/page"}],"author":[{"embeddable":true,"href":"https:\/\/www.aucoeurdelamain.fr\/index.php\/wp-json\/wp\/v2\/users\/3"}],"replies":[{"embeddable":true,"href":"https:\/\/www.aucoeurdelamain.fr\/index.php\/wp-json\/wp\/v2\/comments?post=8373"}],"version-history":[{"count":17,"href":"https:\/\/www.aucoeurdelamain.fr\/index.php\/wp-json\/wp\/v2\/pages\/8373\/revisions"}],"predecessor-version":[{"id":8406,"href":"https:\/\/www.aucoeurdelamain.fr\/index.php\/wp-json\/wp\/v2\/pages\/8373\/revisions\/8406"}],"wp:attachment":[{"href":"https:\/\/www.aucoeurdelamain.fr\/index.php\/wp-json\/wp\/v2\/media?parent=8373"}],"curies":[{"name":"wp","href":"https:\/\/api.w.org\/{rel}","templated":true}]}}