{"id":7892,"date":"2025-04-28T09:50:46","date_gmt":"2025-04-28T07:50:46","guid":{"rendered":"https:\/\/www.aucoeurdelamain.fr\/?page_id=7892"},"modified":"2025-04-30T10:55:12","modified_gmt":"2025-04-30T08:55:12","slug":"les-lampes-envol-collection","status":"publish","type":"page","link":"https:\/\/www.aucoeurdelamain.fr\/index.php\/les-lampes-envol-collection\/","title":{"rendered":"Les Lampes Envol"},"content":{"rendered":"\t\t<div data-elementor-type=\"wp-page\" data-elementor-id=\"7892\" class=\"elementor elementor-7892\">\n\t\t\t\t<div class=\"elementor-element elementor-element-d6b77ce e-flex e-con-boxed wpr-particle-no wpr-jarallax-no wpr-parallax-no wpr-sticky-section-no wpr-column-slider-no wpr-equal-height-no e-con e-parent\" data-id=\"d6b77ce\" data-element_type=\"container\" data-e-type=\"container\">\n\t\t\t\t\t<div class=\"e-con-inner\">\n\t\t\t\t<div class=\"elementor-element elementor-element-8f98314 elementor-widget elementor-widget-text-editor\" data-id=\"8f98314\" data-element_type=\"widget\" data-e-type=\"widget\" data-widget_type=\"text-editor.default\">\n\t\t\t\t<div class=\"elementor-widget-container\">\n\t\t\t\t\t\t\t\t\t<p>Quand le bois suit le geste de la main et la flamme de la passion guide notre travail. Derni\u00e8res cr\u00e9ations des Ateliers BdM, ces Lampes Envol s\u2019inscrivent dans la lign\u00e9e de la lampe Itin\u00e9raire. Bandeau Led int\u00e9gr\u00e9 avec variateur pour une ambiance chaleureuse.<\/p>\t\t\t\t\t\t\t\t<\/div>\n\t\t\t\t<\/div>\n\t\t\t\t\t<\/div>\n\t\t\t\t<\/div>\n\t\t<div class=\"elementor-element elementor-element-d8a69d4 e-flex e-con-boxed wpr-particle-no wpr-jarallax-no wpr-parallax-no wpr-sticky-section-no wpr-column-slider-no wpr-equal-height-no e-con e-parent\" data-id=\"d8a69d4\" data-element_type=\"container\" data-e-type=\"container\">\n\t\t\t\t\t<div class=\"e-con-inner\">\n\t\t\t\t<div class=\"elementor-element elementor-element-ea074ee elementor-widget elementor-widget-mkdf_portfolio_tabs_slider\" data-id=\"ea074ee\" data-element_type=\"widget\" data-e-type=\"widget\" data-widget_type=\"mkdf_portfolio_tabs_slider.default\">\n\t\t\t\t<div class=\"elementor-widget-container\">\n\t\t\t\t\t<div class=\"mkdf-portfolio-tabs-slider \">\n\t<div class=\"mkdf-pts-menu mkdf-columns-1\">\n    <ul>\n\t\t            <li>\n                <a href=\"#\">\n\t\t\t\t\t<span class=\"mkdf-pts-menu-text\">\n                    Les lampes Envol - Collection                    <\/span>\n                <\/a>\n            <\/li>\n\t\t    <\/ul>\n<\/div>    <div class=\"mkdf-pts-content mkdf-owl-slider\">\n\t\t<div class=\"mkdf-portfolio-list-holder mkdf-grid-list mkdf-pl-gallery mkdf-two-columns mkdf-normal-space  mkdf-disable-bottom-space mkdf-pl-standard-shader    mkdf-pl-pag-no-pagination      \"  data-type=gallery data-number-of-columns=two data-space-between-items=normal data-image-proportions=full data-enable-fixed-proportions=no data-enable-image-shadow=no data-category=les-lampes-collection data-orderby=date data-order=ASC data-item-style=standard-shader data-enable-title=yes data-title-tag=h5 data-enable-category=yes data-enable-excerpt=no data-pagination-type=no-pagination data-filter=no data-filter-order-by=name data-enable-article-animation=no data-portfolio-slider-on=no data-enable-loop=yes data-enable-autoplay=yes data-slider-speed=5000 data-slider-speed-animation=800 data-enable-navigation=yes data-enable-pagination=yes data-list-is-slider=no data-custom-stylization=no data-max-num-pages=1 data-next-page=2>\n\t\t<div class=\"mkdf-pl-inner mkdf-outer-space  clearfix\">\n\t\t\n<article class=\"mkdf-pl-item mkdf-item-space  post-6145 portfolio-item type-portfolio-item status-publish has-post-thumbnail hentry portfolio-category-les-lampes-collection portfolio-category-mobiliers-dexception\" >\n\t<div class=\"mkdf-pl-item-inner\">\n\t\t<div class=\"mkdf-pli-image\">\n\t<a itemprop=\"url\" class=\"mkdf-pli-image-main\" href=\"https:\/\/www.aucoeurdelamain.fr\/index.php\/test1\/les-lampes-envol\/\" target=\"_self\">\n\t\t<img fetchpriority=\"high\" decoding=\"async\" width=\"1704\" height=\"2560\" src=\"https:\/\/www.aucoeurdelamain.fr\/wp-content\/uploads\/2025\/04\/Copie-de-IMG-3463-scaled.jpg\" class=\"attachment-full size-full wp-post-image\" alt=\"\" srcset=\"https:\/\/www.aucoeurdelamain.fr\/wp-content\/uploads\/2025\/04\/Copie-de-IMG-3463-scaled.jpg 1704w, https:\/\/www.aucoeurdelamain.fr\/wp-content\/uploads\/2025\/04\/Copie-de-IMG-3463-200x300.jpg 200w, https:\/\/www.aucoeurdelamain.fr\/wp-content\/uploads\/2025\/04\/Copie-de-IMG-3463-682x1024.jpg 682w, https:\/\/www.aucoeurdelamain.fr\/wp-content\/uploads\/2025\/04\/Copie-de-IMG-3463-768x1154.jpg 768w, https:\/\/www.aucoeurdelamain.fr\/wp-content\/uploads\/2025\/04\/Copie-de-IMG-3463-1022x1536.jpg 1022w, https:\/\/www.aucoeurdelamain.fr\/wp-content\/uploads\/2025\/04\/Copie-de-IMG-3463-1363x2048.jpg 1363w, https:\/\/www.aucoeurdelamain.fr\/wp-content\/uploads\/2025\/04\/Copie-de-IMG-3463-600x901.jpg 600w\" sizes=\"(max-width: 1704px) 100vw, 1704px\" \/>\t<\/a>\n\t<\/div>\n<div class=\"mkdf-pli-text-holder\" >\n\t<div class=\"mkdf-pli-text-wrapper\">\n\t\t<div class=\"mkdf-pli-text\">\n\t\t\t\t<h5 itemprop=\"name\" class=\"mkdf-pli-title entry-title\" >\n\t\t<a itemprop=\"url\" href=\"https:\/\/www.aucoeurdelamain.fr\/index.php\/test1\/les-lampes-envol\/\" target=\"_self\">\n\t\t\tLes Lampes Envol\t\t<\/a>\n\t<\/h5>\n\n\t\t\t\t\t<div class=\"mkdf-pli-category-holder\">\n\t\t\t\t\t\t\t<span class=\"mkdf-pli-category-outer\"><a itemprop=\"url\" class=\"mkdf-pli-category\" href=\"https:\/\/www.aucoeurdelamain.fr\/index.php\/portfolio-category\/les-lampes-collection\/\">Les lampes Envol - Collection<\/a><\/span>\n\t\t\t\t\t\t\t<span class=\"mkdf-pli-category-outer\"><a itemprop=\"url\" class=\"mkdf-pli-category\" href=\"https:\/\/www.aucoeurdelamain.fr\/index.php\/portfolio-category\/mobiliers-dexception\/\">Mobiliers d&#039;Exception<\/a><\/span>\n\t\t\t\t\t<\/div>\n\t\n\t\t\t\n\t\t\t\t\t<\/div>\n\t<\/div>\n<\/div>\n\t\t\t<\/div>\n<\/article>\t<\/div>\n\t\n\t<\/div>    <\/div>\n<\/div>\t\t\t\t<\/div>\n\t\t\t\t<\/div>\n\t\t\t\t\t<\/div>\n\t\t\t\t<\/div>\n\t\t\t\t<\/div>\n\t\t","protected":false},"excerpt":{"rendered":"<p>Quand le bois suit le geste de la main et la flamme de la passion guide notre travail. Derni\u00e8res cr\u00e9ations des Ateliers BdM, ces Lampes Envol s\u2019inscrivent dans la lign\u00e9e de la lampe Itin\u00e9raire. Bandeau Led int\u00e9gr\u00e9 avec variateur pour une ambiance chaleureuse. Les lampes Envol &#8211; Collection Les Lampes<\/p>\n","protected":false},"author":3,"featured_media":0,"parent":0,"menu_order":0,"comment_status":"closed","ping_status":"closed","template":"","meta":{"footnotes":""},"class_list":["post-7892","page","type-page","status-publish","hentry"],"jetpack_sharing_enabled":true,"_links":{"self":[{"href":"https:\/\/www.aucoeurdelamain.fr\/index.php\/wp-json\/wp\/v2\/pages\/7892","targetHints":{"allow":["GET"]}}],"collection":[{"href":"https:\/\/www.aucoeurdelamain.fr\/index.php\/wp-json\/wp\/v2\/pages"}],"about":[{"href":"https:\/\/www.aucoeurdelamain.fr\/index.php\/wp-json\/wp\/v2\/types\/page"}],"author":[{"embeddable":true,"href":"https:\/\/www.aucoeurdelamain.fr\/index.php\/wp-json\/wp\/v2\/users\/3"}],"replies":[{"embeddable":true,"href":"https:\/\/www.aucoeurdelamain.fr\/index.php\/wp-json\/wp\/v2\/comments?post=7892"}],"version-history":[{"count":11,"href":"https:\/\/www.aucoeurdelamain.fr\/index.php\/wp-json\/wp\/v2\/pages\/7892\/revisions"}],"predecessor-version":[{"id":8530,"href":"https:\/\/www.aucoeurdelamain.fr\/index.php\/wp-json\/wp\/v2\/pages\/7892\/revisions\/8530"}],"wp:attachment":[{"href":"https:\/\/www.aucoeurdelamain.fr\/index.php\/wp-json\/wp\/v2\/media?parent=7892"}],"curies":[{"name":"wp","href":"https:\/\/api.w.org\/{rel}","templated":true}]}}