{"id":7872,"date":"2025-04-28T09:36:33","date_gmt":"2025-04-28T07:36:33","guid":{"rendered":"https:\/\/www.aucoeurdelamain.fr\/?page_id=7872"},"modified":"2025-04-30T10:53:39","modified_gmt":"2025-04-30T08:53:39","slug":"editions-bdmcarreezzfisj","status":"publish","type":"page","link":"https:\/\/www.aucoeurdelamain.fr\/index.php\/editions-bdmcarreezzfisj\/","title":{"rendered":"Editions BdM\u00b2"},"content":{"rendered":"\t\t<div data-elementor-type=\"wp-page\" data-elementor-id=\"7872\" class=\"elementor elementor-7872\">\n\t\t\t\t<div class=\"elementor-element elementor-element-842954d e-flex e-con-boxed wpr-particle-no wpr-jarallax-no wpr-parallax-no wpr-sticky-section-no wpr-column-slider-no wpr-equal-height-no e-con e-parent\" data-id=\"842954d\" data-element_type=\"container\" data-e-type=\"container\">\n\t\t\t\t\t<div class=\"e-con-inner\">\n\t\t\t\t<div class=\"elementor-element elementor-element-9446f0c elementor-widget elementor-widget-heading\" data-id=\"9446f0c\" data-element_type=\"widget\" data-e-type=\"widget\" data-widget_type=\"heading.default\">\n\t\t\t\t<div class=\"elementor-widget-container\">\n\t\t\t\t\t<h2 class=\"elementor-heading-title elementor-size-default\">Benoit de Malezieux &amp; Bruno de Maistre<\/h2>\t\t\t\t<\/div>\n\t\t\t\t<\/div>\n\t\t\t\t\t<\/div>\n\t\t\t\t<\/div>\n\t\t<div class=\"elementor-element elementor-element-d588dc0 e-flex e-con-boxed wpr-particle-no wpr-jarallax-no wpr-parallax-no wpr-sticky-section-no wpr-column-slider-no wpr-equal-height-no e-con e-parent\" data-id=\"d588dc0\" data-element_type=\"container\" data-e-type=\"container\">\n\t\t\t\t\t<div class=\"e-con-inner\">\n\t\t\t\t<div class=\"elementor-element elementor-element-a67b03c elementor-widget elementor-widget-text-editor\" data-id=\"a67b03c\" data-element_type=\"widget\" data-e-type=\"widget\" data-widget_type=\"text-editor.default\">\n\t\t\t\t<div class=\"elementor-widget-container\">\n\t\t\t\t\t\t\t\t\t<div class=\"vc_row wpb_row vc_row-fluid vc_custom_1568233147560 vc_row-has-fill gt-background-position-initial gt-background-attachment-initial gt-text-default vc_row-o-full-height vc_row-o-columns-middle vc_row-o-content-middle vc_row-flex\" data-vc-full-width=\"true\" data-vc-full-width-init=\"true\"><div class=\"wpb_column vc_column_container vc_col-sm-12\"><div class=\"vc_column-inner\"><div class=\"wpb_wrapper\"><div class=\"vc_row wpb_row vc_inner vc_row-fluid\"><div class=\"wpb_column vc_column_container vc_col-sm-12 vc_col-lg-3\/5 vc_col-md-3\/5\"><div class=\"vc_column-inner\"><div class=\"wpb_wrapper\"><div class=\"gt-page-heading gt-dark gt-center\"><h3>La rencontre de deux passions, de deux \u00e9nergies<\/h3><\/div><\/div><\/div><\/div><\/div><\/div><\/div><\/div><\/div><div class=\"vc_row-full-width vc_clearfix\">\u00a0<\/div><div class=\"vc_row wpb_row vc_row-fluid gt-background-position-initial gt-background-attachment-initial gt-text-default\"><div class=\"wpb_column vc_column_container vc_col-sm-12 vc_col-lg-2 vc_col-md-2 vc_hidden-sm vc_hidden-xs\"><div class=\"vc_column-inner\"><div class=\"wpb_wrapper\">\u00a0<\/div><\/div><\/div><div class=\"wpb_column vc_column_container vc_col-sm-12 vc_col-lg-8 vc_col-md-8\"><div class=\"vc_column-inner\"><div class=\"wpb_wrapper\"><div class=\"wpb_text_column wpb_content_element \"><div class=\"wpb_wrapper\"><p>L\u2019un vient de la finance, l\u2019autre de la communication.<br \/>Le premier a toujours \u00e9t\u00e9 passionn\u00e9 de design, le deuxi\u00e8me est passionn\u00e9 de d\u00e9fis cr\u00e9atifs et de belles textures.<\/p><p>\u00a0<\/p><p>Beno\u00eet et Bruno se sont trouv\u00e9s un terrain commun :<br \/>la\u00a0<strong>cr\u00e9ation et l\u2019\u00e9dition d\u2019objets et de meubles contemporains<\/strong>\u00a0faits en France avec des mati\u00e8res et du caract\u00e8re.<\/p><p>\u00a0<\/p><p>Leur ambition pour\u00a0<strong>les Editions BdM\u00b2<\/strong>\u00a0?<br \/>Cr\u00e9er de\u00a0<strong>objets design en harmonie avec leur ergonomie<\/strong>.<br \/>Ils cherchent la simplicit\u00e9, l\u2019authenticit\u00e9 et la beaut\u00e9.<\/p><p>\u00a0<\/p><p>C\u2019est la\u00a0<strong>rencontre de deux univers qui cr\u00e9e la richesse de leur collaboration<\/strong>.<br \/>La table en \u00e9b\u00e8ne de macassar, les lampes de chevet en noyer ou les modules Papillon et Hexagones en sont des exemples.<br \/>Ils ont expos\u00e9 leurs cr\u00e9ations de f\u00e9vrier \u00e0 mai 2022 \u00e0 la Galerie Guillaume, rue de Penthi\u00e8vre.<\/p><\/div><\/div><\/div><\/div><\/div><\/div>\t\t\t\t\t\t\t\t<\/div>\n\t\t\t\t<\/div>\n\t\t\t\t\t<\/div>\n\t\t\t\t<\/div>\n\t\t<div class=\"elementor-element elementor-element-4a5523b e-flex e-con-boxed wpr-particle-no wpr-jarallax-no wpr-parallax-no wpr-sticky-section-no wpr-column-slider-no wpr-equal-height-no e-con e-parent\" data-id=\"4a5523b\" data-element_type=\"container\" data-e-type=\"container\">\n\t\t\t\t\t<div class=\"e-con-inner\">\n\t\t\t\t<div class=\"elementor-element elementor-element-6b21faf elementor-widget-divider--view-line elementor-widget elementor-widget-divider\" data-id=\"6b21faf\" data-element_type=\"widget\" data-e-type=\"widget\" data-widget_type=\"divider.default\">\n\t\t\t\t<div class=\"elementor-widget-container\">\n\t\t\t\t\t\t\t<div class=\"elementor-divider\">\n\t\t\t<span class=\"elementor-divider-separator\">\n\t\t\t\t\t\t<\/span>\n\t\t<\/div>\n\t\t\t\t\t\t<\/div>\n\t\t\t\t<\/div>\n\t\t\t\t<div class=\"elementor-element elementor-element-a6cca77 elementor-widget elementor-widget-mkdf_portfolio_tabs_slider\" data-id=\"a6cca77\" data-element_type=\"widget\" data-e-type=\"widget\" data-widget_type=\"mkdf_portfolio_tabs_slider.default\">\n\t\t\t\t<div class=\"elementor-widget-container\">\n\t\t\t\t\t<div class=\"mkdf-portfolio-tabs-slider \">\n\t<div class=\"mkdf-pts-menu mkdf-columns-1\">\n    <ul>\n\t\t            <li>\n                <a href=\"#\">\n\t\t\t\t\t<span class=\"mkdf-pts-menu-text\">\n                    Editions BdM2                    <\/span>\n                <\/a>\n            <\/li>\n\t\t    <\/ul>\n<\/div>    <div class=\"mkdf-pts-content mkdf-owl-slider\">\n\t\t<div class=\"mkdf-portfolio-list-holder mkdf-grid-list mkdf-pl-gallery mkdf-two-columns mkdf-normal-space  mkdf-disable-bottom-space mkdf-pl-standard-shader    mkdf-pl-pag-no-pagination      \"  data-type=gallery data-number-of-columns=two data-space-between-items=normal data-image-proportions=square data-enable-fixed-proportions=no data-enable-image-shadow=no data-category=editions-bdm2 data-orderby=date data-order=ASC data-item-style=standard-shader data-enable-title=yes data-title-tag=h5 data-enable-category=yes data-enable-excerpt=no data-pagination-type=no-pagination data-filter=no data-filter-order-by=name data-enable-article-animation=no data-portfolio-slider-on=no data-enable-loop=yes data-enable-autoplay=yes data-slider-speed=5000 data-slider-speed-animation=800 data-enable-navigation=yes data-enable-pagination=yes data-list-is-slider=no data-custom-stylization=no data-max-num-pages=1 data-next-page=2>\n\t\t<div class=\"mkdf-pl-inner mkdf-outer-space  clearfix\">\n\t\t\n<article class=\"mkdf-pl-item mkdf-item-space  post-6159 portfolio-item type-portfolio-item status-publish has-post-thumbnail hentry portfolio-category-editions-bdm2 portfolio-category-mobiliers-dexception\" >\n\t<div class=\"mkdf-pl-item-inner\">\n\t\t<div class=\"mkdf-pli-image\">\n\t<a itemprop=\"url\" class=\"mkdf-pli-image-main\" href=\"https:\/\/www.aucoeurdelamain.fr\/index.php\/test1\/modules-papillon\/\" target=\"_self\">\n\t\t<img fetchpriority=\"high\" decoding=\"async\" width=\"650\" height=\"650\" src=\"https:\/\/www.aucoeurdelamain.fr\/wp-content\/uploads\/2025\/04\/Copie-de-Modules-Papillon-1-650x650.jpg\" class=\"attachment-dor_mikado_image_square size-dor_mikado_image_square wp-post-image\" alt=\"\" srcset=\"https:\/\/www.aucoeurdelamain.fr\/wp-content\/uploads\/2025\/04\/Copie-de-Modules-Papillon-1-650x650.jpg 650w, https:\/\/www.aucoeurdelamain.fr\/wp-content\/uploads\/2025\/04\/Copie-de-Modules-Papillon-1-150x150.jpg 150w, https:\/\/www.aucoeurdelamain.fr\/wp-content\/uploads\/2025\/04\/Copie-de-Modules-Papillon-1-450x450.jpg 450w, https:\/\/www.aucoeurdelamain.fr\/wp-content\/uploads\/2025\/04\/Copie-de-Modules-Papillon-1-1300x1300.jpg 1300w, https:\/\/www.aucoeurdelamain.fr\/wp-content\/uploads\/2025\/04\/Copie-de-Modules-Papillon-1-300x300.jpg 300w, https:\/\/www.aucoeurdelamain.fr\/wp-content\/uploads\/2025\/04\/Copie-de-Modules-Papillon-1-100x100.jpg 100w\" sizes=\"(max-width: 650px) 100vw, 650px\" \/>\t<\/a>\n\t<\/div>\n<div class=\"mkdf-pli-text-holder\" >\n\t<div class=\"mkdf-pli-text-wrapper\">\n\t\t<div class=\"mkdf-pli-text\">\n\t\t\t\t<h5 itemprop=\"name\" class=\"mkdf-pli-title entry-title\" >\n\t\t<a itemprop=\"url\" href=\"https:\/\/www.aucoeurdelamain.fr\/index.php\/test1\/modules-papillon\/\" target=\"_self\">\n\t\t\tModules Papillon\t\t<\/a>\n\t<\/h5>\n\n\t\t\t\t\t<div class=\"mkdf-pli-category-holder\">\n\t\t\t\t\t\t\t<span class=\"mkdf-pli-category-outer\"><a itemprop=\"url\" class=\"mkdf-pli-category\" href=\"https:\/\/www.aucoeurdelamain.fr\/index.php\/portfolio-category\/editions-bdm2\/\">Editions BdM2<\/a><\/span>\n\t\t\t\t\t\t\t<span class=\"mkdf-pli-category-outer\"><a itemprop=\"url\" class=\"mkdf-pli-category\" href=\"https:\/\/www.aucoeurdelamain.fr\/index.php\/portfolio-category\/mobiliers-dexception\/\">Mobiliers d&#039;Exception<\/a><\/span>\n\t\t\t\t\t<\/div>\n\t\n\t\t\t\n\t\t\t\t\t<\/div>\n\t<\/div>\n<\/div>\n\t\t\t<\/div>\n<\/article>\n<article class=\"mkdf-pl-item mkdf-item-space  post-6168 portfolio-item type-portfolio-item status-publish has-post-thumbnail hentry portfolio-category-editions-bdm2 portfolio-category-mobiliers-dexception\" >\n\t<div class=\"mkdf-pl-item-inner\">\n\t\t<div class=\"mkdf-pli-image\">\n\t<a itemprop=\"url\" class=\"mkdf-pli-image-main\" href=\"https:\/\/www.aucoeurdelamain.fr\/index.php\/test1\/modules-hexagone\/\" target=\"_self\">\n\t\t<img decoding=\"async\" width=\"650\" height=\"650\" src=\"https:\/\/www.aucoeurdelamain.fr\/wp-content\/uploads\/2025\/04\/Copie-de-Modules-Hexagones-650x650.jpg\" class=\"attachment-dor_mikado_image_square size-dor_mikado_image_square wp-post-image\" alt=\"\" srcset=\"https:\/\/www.aucoeurdelamain.fr\/wp-content\/uploads\/2025\/04\/Copie-de-Modules-Hexagones-650x650.jpg 650w, https:\/\/www.aucoeurdelamain.fr\/wp-content\/uploads\/2025\/04\/Copie-de-Modules-Hexagones-150x150.jpg 150w, https:\/\/www.aucoeurdelamain.fr\/wp-content\/uploads\/2025\/04\/Copie-de-Modules-Hexagones-450x450.jpg 450w, https:\/\/www.aucoeurdelamain.fr\/wp-content\/uploads\/2025\/04\/Copie-de-Modules-Hexagones-1300x1300.jpg 1300w, https:\/\/www.aucoeurdelamain.fr\/wp-content\/uploads\/2025\/04\/Copie-de-Modules-Hexagones-300x300.jpg 300w, https:\/\/www.aucoeurdelamain.fr\/wp-content\/uploads\/2025\/04\/Copie-de-Modules-Hexagones-100x100.jpg 100w\" sizes=\"(max-width: 650px) 100vw, 650px\" \/>\t<\/a>\n\t<\/div>\n<div class=\"mkdf-pli-text-holder\" >\n\t<div class=\"mkdf-pli-text-wrapper\">\n\t\t<div class=\"mkdf-pli-text\">\n\t\t\t\t<h5 itemprop=\"name\" class=\"mkdf-pli-title entry-title\" >\n\t\t<a itemprop=\"url\" href=\"https:\/\/www.aucoeurdelamain.fr\/index.php\/test1\/modules-hexagone\/\" target=\"_self\">\n\t\t\tModules Hexagone\t\t<\/a>\n\t<\/h5>\n\n\t\t\t\t\t<div class=\"mkdf-pli-category-holder\">\n\t\t\t\t\t\t\t<span class=\"mkdf-pli-category-outer\"><a itemprop=\"url\" class=\"mkdf-pli-category\" href=\"https:\/\/www.aucoeurdelamain.fr\/index.php\/portfolio-category\/editions-bdm2\/\">Editions BdM2<\/a><\/span>\n\t\t\t\t\t\t\t<span class=\"mkdf-pli-category-outer\"><a itemprop=\"url\" class=\"mkdf-pli-category\" href=\"https:\/\/www.aucoeurdelamain.fr\/index.php\/portfolio-category\/mobiliers-dexception\/\">Mobiliers d&#039;Exception<\/a><\/span>\n\t\t\t\t\t<\/div>\n\t\n\t\t\t\n\t\t\t\t\t<\/div>\n\t<\/div>\n<\/div>\n\t\t\t<\/div>\n<\/article>\n<article class=\"mkdf-pl-item mkdf-item-space  post-7345 portfolio-item type-portfolio-item status-publish has-post-thumbnail hentry portfolio-category-editions-bdm2 portfolio-category-mobiliers-dexception\" >\n\t<div class=\"mkdf-pl-item-inner\">\n\t\t<div class=\"mkdf-pli-image\">\n\t<a itemprop=\"url\" class=\"mkdf-pli-image-main\" href=\"https:\/\/www.aucoeurdelamain.fr\/index.php\/test1\/un-voyage-hors-du-temps\/\" target=\"_self\">\n\t\t<img decoding=\"async\" width=\"650\" height=\"650\" src=\"https:\/\/www.aucoeurdelamain.fr\/wp-content\/uploads\/2025\/04\/TableBDM2-2-650x650.jpg\" class=\"attachment-dor_mikado_image_square size-dor_mikado_image_square wp-post-image\" alt=\"\" srcset=\"https:\/\/www.aucoeurdelamain.fr\/wp-content\/uploads\/2025\/04\/TableBDM2-2-650x650.jpg 650w, https:\/\/www.aucoeurdelamain.fr\/wp-content\/uploads\/2025\/04\/TableBDM2-2-150x150.jpg 150w, https:\/\/www.aucoeurdelamain.fr\/wp-content\/uploads\/2025\/04\/TableBDM2-2-450x450.jpg 450w, https:\/\/www.aucoeurdelamain.fr\/wp-content\/uploads\/2025\/04\/TableBDM2-2-1300x1300.jpg 1300w, https:\/\/www.aucoeurdelamain.fr\/wp-content\/uploads\/2025\/04\/TableBDM2-2-300x300.jpg 300w, https:\/\/www.aucoeurdelamain.fr\/wp-content\/uploads\/2025\/04\/TableBDM2-2-100x100.jpg 100w\" sizes=\"(max-width: 650px) 100vw, 650px\" \/>\t<\/a>\n\t<\/div>\n<div class=\"mkdf-pli-text-holder\" >\n\t<div class=\"mkdf-pli-text-wrapper\">\n\t\t<div class=\"mkdf-pli-text\">\n\t\t\t\t<h5 itemprop=\"name\" class=\"mkdf-pli-title entry-title\" >\n\t\t<a itemprop=\"url\" href=\"https:\/\/www.aucoeurdelamain.fr\/index.php\/test1\/un-voyage-hors-du-temps\/\" target=\"_self\">\n\t\t\tTable en \u00e9b\u00e8ne de macassar\t\t<\/a>\n\t<\/h5>\n\n\t\t\t\t\t<div class=\"mkdf-pli-category-holder\">\n\t\t\t\t\t\t\t<span class=\"mkdf-pli-category-outer\"><a itemprop=\"url\" class=\"mkdf-pli-category\" href=\"https:\/\/www.aucoeurdelamain.fr\/index.php\/portfolio-category\/editions-bdm2\/\">Editions BdM2<\/a><\/span>\n\t\t\t\t\t\t\t<span class=\"mkdf-pli-category-outer\"><a itemprop=\"url\" class=\"mkdf-pli-category\" href=\"https:\/\/www.aucoeurdelamain.fr\/index.php\/portfolio-category\/mobiliers-dexception\/\">Mobiliers d&#039;Exception<\/a><\/span>\n\t\t\t\t\t<\/div>\n\t\n\t\t\t\n\t\t\t\t\t<\/div>\n\t<\/div>\n<\/div>\n\t\t\t<\/div>\n<\/article>\n<article class=\"mkdf-pl-item mkdf-item-space  post-7350 portfolio-item type-portfolio-item status-publish has-post-thumbnail hentry portfolio-category-editions-bdm2 portfolio-category-mobiliers-dexception\" >\n\t<div class=\"mkdf-pl-item-inner\">\n\t\t<div class=\"mkdf-pli-image\">\n\t<a itemprop=\"url\" class=\"mkdf-pli-image-main\" href=\"https:\/\/www.aucoeurdelamain.fr\/index.php\/test1\/tables-de-chevet-en-noyer\/\" target=\"_self\">\n\t\t<img loading=\"lazy\" decoding=\"async\" width=\"650\" height=\"650\" src=\"https:\/\/www.aucoeurdelamain.fr\/wp-content\/uploads\/2019\/09\/IMG_0428-650x650.jpg\" class=\"attachment-dor_mikado_image_square size-dor_mikado_image_square wp-post-image\" alt=\"\" srcset=\"https:\/\/www.aucoeurdelamain.fr\/wp-content\/uploads\/2019\/09\/IMG_0428-650x650.jpg 650w, https:\/\/www.aucoeurdelamain.fr\/wp-content\/uploads\/2019\/09\/IMG_0428-150x150.jpg 150w, https:\/\/www.aucoeurdelamain.fr\/wp-content\/uploads\/2019\/09\/IMG_0428-450x450.jpg 450w, https:\/\/www.aucoeurdelamain.fr\/wp-content\/uploads\/2019\/09\/IMG_0428-1300x1300.jpg 1300w, https:\/\/www.aucoeurdelamain.fr\/wp-content\/uploads\/2019\/09\/IMG_0428-300x300.jpg 300w, https:\/\/www.aucoeurdelamain.fr\/wp-content\/uploads\/2019\/09\/IMG_0428-100x100.jpg 100w\" sizes=\"(max-width: 650px) 100vw, 650px\" \/>\t<\/a>\n\t<\/div>\n<div class=\"mkdf-pli-text-holder\" >\n\t<div class=\"mkdf-pli-text-wrapper\">\n\t\t<div class=\"mkdf-pli-text\">\n\t\t\t\t<h5 itemprop=\"name\" class=\"mkdf-pli-title entry-title\" >\n\t\t<a itemprop=\"url\" href=\"https:\/\/www.aucoeurdelamain.fr\/index.php\/test1\/tables-de-chevet-en-noyer\/\" target=\"_self\">\n\t\t\tTables de chevet en noyer\t\t<\/a>\n\t<\/h5>\n\n\t\t\t\t\t<div class=\"mkdf-pli-category-holder\">\n\t\t\t\t\t\t\t<span class=\"mkdf-pli-category-outer\"><a itemprop=\"url\" class=\"mkdf-pli-category\" href=\"https:\/\/www.aucoeurdelamain.fr\/index.php\/portfolio-category\/editions-bdm2\/\">Editions BdM2<\/a><\/span>\n\t\t\t\t\t\t\t<span class=\"mkdf-pli-category-outer\"><a itemprop=\"url\" class=\"mkdf-pli-category\" href=\"https:\/\/www.aucoeurdelamain.fr\/index.php\/portfolio-category\/mobiliers-dexception\/\">Mobiliers d&#039;Exception<\/a><\/span>\n\t\t\t\t\t<\/div>\n\t\n\t\t\t\n\t\t\t\t\t<\/div>\n\t<\/div>\n<\/div>\n\t\t\t<\/div>\n<\/article>\n<article class=\"mkdf-pl-item mkdf-item-space  post-8077 portfolio-item type-portfolio-item status-publish has-post-thumbnail hentry portfolio-category-editions-bdm2 portfolio-category-mobiliers-dexception\" >\n\t<div class=\"mkdf-pl-item-inner\">\n\t\t<div class=\"mkdf-pli-image\">\n\t<a itemprop=\"url\" class=\"mkdf-pli-image-main\" href=\"https:\/\/www.aucoeurdelamain.fr\/index.php\/test1\/la-table-elephant\/\" target=\"_self\">\n\t\t<img loading=\"lazy\" decoding=\"async\" width=\"650\" height=\"650\" src=\"https:\/\/www.aucoeurdelamain.fr\/wp-content\/uploads\/2025\/04\/WhatsApp-Image-2025-03-20-a-10.38.21_2f187a4b-650x650.jpg\" class=\"attachment-dor_mikado_image_square size-dor_mikado_image_square wp-post-image\" alt=\"\" srcset=\"https:\/\/www.aucoeurdelamain.fr\/wp-content\/uploads\/2025\/04\/WhatsApp-Image-2025-03-20-a-10.38.21_2f187a4b-650x650.jpg 650w, https:\/\/www.aucoeurdelamain.fr\/wp-content\/uploads\/2025\/04\/WhatsApp-Image-2025-03-20-a-10.38.21_2f187a4b-150x150.jpg 150w, https:\/\/www.aucoeurdelamain.fr\/wp-content\/uploads\/2025\/04\/WhatsApp-Image-2025-03-20-a-10.38.21_2f187a4b-450x450.jpg 450w, https:\/\/www.aucoeurdelamain.fr\/wp-content\/uploads\/2025\/04\/WhatsApp-Image-2025-03-20-a-10.38.21_2f187a4b-1300x1300.jpg 1300w, https:\/\/www.aucoeurdelamain.fr\/wp-content\/uploads\/2025\/04\/WhatsApp-Image-2025-03-20-a-10.38.21_2f187a4b-300x300.jpg 300w, https:\/\/www.aucoeurdelamain.fr\/wp-content\/uploads\/2025\/04\/WhatsApp-Image-2025-03-20-a-10.38.21_2f187a4b-100x100.jpg 100w\" sizes=\"(max-width: 650px) 100vw, 650px\" \/>\t<\/a>\n\t<\/div>\n<div class=\"mkdf-pli-text-holder\" >\n\t<div class=\"mkdf-pli-text-wrapper\">\n\t\t<div class=\"mkdf-pli-text\">\n\t\t\t\t<h5 itemprop=\"name\" class=\"mkdf-pli-title entry-title\" >\n\t\t<a itemprop=\"url\" href=\"https:\/\/www.aucoeurdelamain.fr\/index.php\/test1\/la-table-elephant\/\" target=\"_self\">\n\t\t\tLa Table Elephant\t\t<\/a>\n\t<\/h5>\n\n\t\t\t\t\t<div class=\"mkdf-pli-category-holder\">\n\t\t\t\t\t\t\t<span class=\"mkdf-pli-category-outer\"><a itemprop=\"url\" class=\"mkdf-pli-category\" href=\"https:\/\/www.aucoeurdelamain.fr\/index.php\/portfolio-category\/editions-bdm2\/\">Editions BdM2<\/a><\/span>\n\t\t\t\t\t\t\t<span class=\"mkdf-pli-category-outer\"><a itemprop=\"url\" class=\"mkdf-pli-category\" href=\"https:\/\/www.aucoeurdelamain.fr\/index.php\/portfolio-category\/mobiliers-dexception\/\">Mobiliers d&#039;Exception<\/a><\/span>\n\t\t\t\t\t<\/div>\n\t\n\t\t\t\n\t\t\t\t\t<\/div>\n\t<\/div>\n<\/div>\n\t\t\t<\/div>\n<\/article>\t<\/div>\n\t\n\t<\/div>    <\/div>\n<\/div>\t\t\t\t<\/div>\n\t\t\t\t<\/div>\n\t\t\t\t\t<\/div>\n\t\t\t\t<\/div>\n\t\t\t\t<\/div>\n\t\t","protected":false},"excerpt":{"rendered":"<p>Benoit de Malezieux &#038; Bruno de Maistre La rencontre de deux passions, de deux \u00e9nergies \u00a0\u00a0 L\u2019un vient de la finance, l\u2019autre de la communication.Le premier a toujours \u00e9t\u00e9 passionn\u00e9 de design, le deuxi\u00e8me est passionn\u00e9 de d\u00e9fis cr\u00e9atifs et de belles textures. \u00a0 Beno\u00eet et Bruno se sont trouv\u00e9s<\/p>\n","protected":false},"author":3,"featured_media":0,"parent":0,"menu_order":0,"comment_status":"closed","ping_status":"closed","template":"","meta":{"footnotes":""},"class_list":["post-7872","page","type-page","status-publish","hentry"],"jetpack_sharing_enabled":true,"_links":{"self":[{"href":"https:\/\/www.aucoeurdelamain.fr\/index.php\/wp-json\/wp\/v2\/pages\/7872","targetHints":{"allow":["GET"]}}],"collection":[{"href":"https:\/\/www.aucoeurdelamain.fr\/index.php\/wp-json\/wp\/v2\/pages"}],"about":[{"href":"https:\/\/www.aucoeurdelamain.fr\/index.php\/wp-json\/wp\/v2\/types\/page"}],"author":[{"embeddable":true,"href":"https:\/\/www.aucoeurdelamain.fr\/index.php\/wp-json\/wp\/v2\/users\/3"}],"replies":[{"embeddable":true,"href":"https:\/\/www.aucoeurdelamain.fr\/index.php\/wp-json\/wp\/v2\/comments?post=7872"}],"version-history":[{"count":24,"href":"https:\/\/www.aucoeurdelamain.fr\/index.php\/wp-json\/wp\/v2\/pages\/7872\/revisions"}],"predecessor-version":[{"id":8524,"href":"https:\/\/www.aucoeurdelamain.fr\/index.php\/wp-json\/wp\/v2\/pages\/7872\/revisions\/8524"}],"wp:attachment":[{"href":"https:\/\/www.aucoeurdelamain.fr\/index.php\/wp-json\/wp\/v2\/media?parent=7872"}],"curies":[{"name":"wp","href":"https:\/\/api.w.org\/{rel}","templated":true}]}}