{"id":7842,"date":"2025-04-28T08:41:36","date_gmt":"2025-04-28T06:41:36","guid":{"rendered":"https:\/\/www.aucoeurdelamain.fr\/?page_id=7842"},"modified":"2025-04-30T10:54:24","modified_gmt":"2025-04-30T08:54:24","slug":"les-bureaux-lyriques-collections","status":"publish","type":"page","link":"https:\/\/www.aucoeurdelamain.fr\/index.php\/les-bureaux-lyriques-collections\/","title":{"rendered":"Les Bureaux Lyriques"},"content":{"rendered":"\t\t<div data-elementor-type=\"wp-page\" data-elementor-id=\"7842\" class=\"elementor elementor-7842\">\n\t\t\t\t<div class=\"elementor-element elementor-element-71c2100 e-flex e-con-boxed wpr-particle-no wpr-jarallax-no wpr-parallax-no wpr-sticky-section-no wpr-column-slider-no wpr-equal-height-no e-con e-parent\" data-id=\"71c2100\" data-element_type=\"container\" data-e-type=\"container\">\n\t\t\t\t\t<div class=\"e-con-inner\">\n\t\t\t\t<div class=\"elementor-element elementor-element-f58385f elementor-widget elementor-widget-heading\" data-id=\"f58385f\" data-element_type=\"widget\" data-e-type=\"widget\" data-widget_type=\"heading.default\">\n\t\t\t\t<div class=\"elementor-widget-container\">\n\t\t\t\t\t<h3 class=\"elementor-heading-title elementor-size-default\">Le bureau Lyrique,\n pi\u00e8ce signature \nde la Maison Bdm<\/h3>\t\t\t\t<\/div>\n\t\t\t\t<\/div>\n\t\t\t\t\t<\/div>\n\t\t\t\t<\/div>\n\t\t<div class=\"elementor-element elementor-element-61f60cd e-flex e-con-boxed wpr-particle-no wpr-jarallax-no wpr-parallax-no wpr-sticky-section-no wpr-column-slider-no wpr-equal-height-no e-con e-parent\" data-id=\"61f60cd\" data-element_type=\"container\" data-e-type=\"container\">\n\t\t\t\t\t<div class=\"e-con-inner\">\n\t\t\t\t<div class=\"elementor-element elementor-element-1f60eb1 elementor-widget elementor-widget-text-editor\" data-id=\"1f60eb1\" data-element_type=\"widget\" data-e-type=\"widget\" data-widget_type=\"text-editor.default\">\n\t\t\t\t<div class=\"elementor-widget-container\">\n\t\t\t\t\t\t\t\t\t<p>Cette collection signature aux courbes sensuelles, organiques, proches de la sculpture, emprunte l\u2019\u00e9l\u00e9gance du style Louis XV et la fluidit\u00e9 des lignes contemporaines. Par ses formes dansantes et vaporeuses, o\u00f9 volutes de bois et tissus laqu\u00e9s ondulent et s\u2019entrem\u00ealent, Bruno de Maistre a su faire na\u00eetre dans ces bureaux lyriques, un dialogue des mati\u00e8res et apporter la ligne envol\u00e9e qui donne \u00e0 ces cr\u00e9ations un caract\u00e8re fort dont l\u2019harmonie est empreinte de f\u00e9minit\u00e9.<\/p><p>aine.<\/p>\t\t\t\t\t\t\t\t<\/div>\n\t\t\t\t<\/div>\n\t\t\t\t\t<\/div>\n\t\t\t\t<\/div>\n\t\t<div class=\"elementor-element elementor-element-d963c29 e-flex e-con-boxed wpr-particle-no wpr-jarallax-no wpr-parallax-no wpr-sticky-section-no wpr-column-slider-no wpr-equal-height-no e-con e-parent\" data-id=\"d963c29\" data-element_type=\"container\" data-e-type=\"container\">\n\t\t\t\t\t<div class=\"e-con-inner\">\n\t\t\t\t<div class=\"elementor-element elementor-element-1033ecd elementor-widget elementor-widget-mkdf_portfolio_tabs_slider\" data-id=\"1033ecd\" data-element_type=\"widget\" data-e-type=\"widget\" data-widget_type=\"mkdf_portfolio_tabs_slider.default\">\n\t\t\t\t<div class=\"elementor-widget-container\">\n\t\t\t\t\t<div class=\"mkdf-portfolio-tabs-slider \">\n\t<div class=\"mkdf-pts-menu mkdf-columns-1\">\n    <ul>\n\t\t            <li>\n                <a href=\"#\">\n\t\t\t\t\t<span class=\"mkdf-pts-menu-text\">\n                    Les Bureaux Lyriques - Collection                    <\/span>\n                <\/a>\n            <\/li>\n\t\t    <\/ul>\n<\/div>    <div class=\"mkdf-pts-content mkdf-owl-slider\">\n\t\t<div class=\"mkdf-portfolio-list-holder mkdf-grid-list mkdf-pl-gallery mkdf-two-columns mkdf-normal-space  mkdf-disable-bottom-space mkdf-pl-standard-shader    mkdf-pl-pag-no-pagination      \"  data-type=gallery data-number-of-columns=two data-space-between-items=normal data-image-proportions=square data-enable-fixed-proportions=no data-enable-image-shadow=no data-category=les-bureaux-lyriques-collection data-orderby=date data-order=ASC data-item-style=standard-shader data-enable-title=yes data-title-tag=h5 data-enable-category=yes data-enable-excerpt=no data-pagination-type=no-pagination data-filter=no data-filter-order-by=name data-enable-article-animation=no data-portfolio-slider-on=no data-enable-loop=yes data-enable-autoplay=yes data-slider-speed=5000 data-slider-speed-animation=800 data-enable-navigation=yes data-enable-pagination=yes data-list-is-slider=no data-custom-stylization=no data-max-num-pages=1 data-next-page=2>\n\t\t<div class=\"mkdf-pl-inner mkdf-outer-space  clearfix\">\n\t\t\n<article class=\"mkdf-pl-item mkdf-item-space  post-7847 portfolio-item type-portfolio-item status-publish has-post-thumbnail hentry portfolio-category-les-bureaux-lyriques-collection\" >\n\t<div class=\"mkdf-pl-item-inner\">\n\t\t<div class=\"mkdf-pli-image\">\n\t<a itemprop=\"url\" class=\"mkdf-pli-image-main\" href=\"https:\/\/www.aucoeurdelamain.fr\/index.php\/test1\/le-bureau-lyrique-en-noyer-et-cuir\/\" target=\"_self\">\n\t\t<img fetchpriority=\"high\" decoding=\"async\" width=\"650\" height=\"650\" src=\"https:\/\/www.aucoeurdelamain.fr\/wp-content\/uploads\/2019\/03\/bureau-lyrique-noyer-cuir-650x650.jpg\" class=\"attachment-dor_mikado_image_square size-dor_mikado_image_square wp-post-image\" alt=\"\" srcset=\"https:\/\/www.aucoeurdelamain.fr\/wp-content\/uploads\/2019\/03\/bureau-lyrique-noyer-cuir-650x650.jpg 650w, https:\/\/www.aucoeurdelamain.fr\/wp-content\/uploads\/2019\/03\/bureau-lyrique-noyer-cuir-150x150.jpg 150w, https:\/\/www.aucoeurdelamain.fr\/wp-content\/uploads\/2019\/03\/bureau-lyrique-noyer-cuir-450x450.jpg 450w, https:\/\/www.aucoeurdelamain.fr\/wp-content\/uploads\/2019\/03\/bureau-lyrique-noyer-cuir-1300x1300.jpg 1300w, https:\/\/www.aucoeurdelamain.fr\/wp-content\/uploads\/2019\/03\/bureau-lyrique-noyer-cuir-300x300.jpg 300w, https:\/\/www.aucoeurdelamain.fr\/wp-content\/uploads\/2019\/03\/bureau-lyrique-noyer-cuir-100x100.jpg 100w\" sizes=\"(max-width: 650px) 100vw, 650px\" \/>\t<\/a>\n\t<\/div>\n<div class=\"mkdf-pli-text-holder\" >\n\t<div class=\"mkdf-pli-text-wrapper\">\n\t\t<div class=\"mkdf-pli-text\">\n\t\t\t\t<h5 itemprop=\"name\" class=\"mkdf-pli-title entry-title\" >\n\t\t<a itemprop=\"url\" href=\"https:\/\/www.aucoeurdelamain.fr\/index.php\/test1\/le-bureau-lyrique-en-noyer-et-cuir\/\" target=\"_self\">\n\t\t\tLe Bureau Lyrique  en noyer et cuir\t\t<\/a>\n\t<\/h5>\n\n\t\t\t\t\t<div class=\"mkdf-pli-category-holder\">\n\t\t\t\t\t\t\t<span class=\"mkdf-pli-category-outer\"><a itemprop=\"url\" class=\"mkdf-pli-category\" href=\"https:\/\/www.aucoeurdelamain.fr\/index.php\/portfolio-category\/les-bureaux-lyriques-collection\/\">Les Bureaux Lyriques - Collection<\/a><\/span>\n\t\t\t\t\t<\/div>\n\t\n\t\t\t\n\t\t\t\t\t<\/div>\n\t<\/div>\n<\/div>\n\t\t\t<\/div>\n<\/article>\n<article class=\"mkdf-pl-item mkdf-item-space  post-7848 portfolio-item type-portfolio-item status-publish has-post-thumbnail hentry portfolio-category-les-bureaux-lyriques-collection\" >\n\t<div class=\"mkdf-pl-item-inner\">\n\t\t<div class=\"mkdf-pli-image\">\n\t<a itemprop=\"url\" class=\"mkdf-pli-image-main\" href=\"https:\/\/www.aucoeurdelamain.fr\/index.php\/test1\/le-bureau-lyrique-vetu-de-sa-robe-noir\/\" target=\"_self\">\n\t\t<img decoding=\"async\" width=\"650\" height=\"650\" src=\"https:\/\/www.aucoeurdelamain.fr\/wp-content\/uploads\/2019\/03\/Copie-de-bureau-Lyrique-B-650x650.jpg\" class=\"attachment-dor_mikado_image_square size-dor_mikado_image_square wp-post-image\" alt=\"\" srcset=\"https:\/\/www.aucoeurdelamain.fr\/wp-content\/uploads\/2019\/03\/Copie-de-bureau-Lyrique-B-650x650.jpg 650w, https:\/\/www.aucoeurdelamain.fr\/wp-content\/uploads\/2019\/03\/Copie-de-bureau-Lyrique-B-150x150.jpg 150w, https:\/\/www.aucoeurdelamain.fr\/wp-content\/uploads\/2019\/03\/Copie-de-bureau-Lyrique-B-450x450.jpg 450w, https:\/\/www.aucoeurdelamain.fr\/wp-content\/uploads\/2019\/03\/Copie-de-bureau-Lyrique-B-1300x1300.jpg 1300w, https:\/\/www.aucoeurdelamain.fr\/wp-content\/uploads\/2019\/03\/Copie-de-bureau-Lyrique-B-300x300.jpg 300w, https:\/\/www.aucoeurdelamain.fr\/wp-content\/uploads\/2019\/03\/Copie-de-bureau-Lyrique-B-100x100.jpg 100w\" sizes=\"(max-width: 650px) 100vw, 650px\" \/>\t<\/a>\n\t<\/div>\n<div class=\"mkdf-pli-text-holder\" >\n\t<div class=\"mkdf-pli-text-wrapper\">\n\t\t<div class=\"mkdf-pli-text\">\n\t\t\t\t<h5 itemprop=\"name\" class=\"mkdf-pli-title entry-title\" >\n\t\t<a itemprop=\"url\" href=\"https:\/\/www.aucoeurdelamain.fr\/index.php\/test1\/le-bureau-lyrique-vetu-de-sa-robe-noir\/\" target=\"_self\">\n\t\t\tLe Bureau Lyrique v\u00eatu de sa robe noir\t\t<\/a>\n\t<\/h5>\n\n\t\t\t\t\t<div class=\"mkdf-pli-category-holder\">\n\t\t\t\t\t\t\t<span class=\"mkdf-pli-category-outer\"><a itemprop=\"url\" class=\"mkdf-pli-category\" href=\"https:\/\/www.aucoeurdelamain.fr\/index.php\/portfolio-category\/les-bureaux-lyriques-collection\/\">Les Bureaux Lyriques - Collection<\/a><\/span>\n\t\t\t\t\t<\/div>\n\t\n\t\t\t\n\t\t\t\t\t<\/div>\n\t<\/div>\n<\/div>\n\t\t\t<\/div>\n<\/article>\n<article class=\"mkdf-pl-item mkdf-item-space  post-7852 portfolio-item type-portfolio-item status-publish has-post-thumbnail hentry portfolio-category-les-bureaux-lyriques-collection\" >\n\t<div class=\"mkdf-pl-item-inner\">\n\t\t<div class=\"mkdf-pli-image\">\n\t<a itemprop=\"url\" class=\"mkdf-pli-image-main\" href=\"https:\/\/www.aucoeurdelamain.fr\/index.php\/test1\/le-bureau-lyrique-charme-et-tissu\/\" target=\"_self\">\n\t\t<img decoding=\"async\" width=\"650\" height=\"650\" src=\"https:\/\/www.aucoeurdelamain.fr\/wp-content\/uploads\/2019\/03\/Copie-de-Bureau-lyrique-tissu-Pierre-Frey-@Ateliers-BdM-650x650.jpg\" class=\"attachment-dor_mikado_image_square size-dor_mikado_image_square wp-post-image\" alt=\"\" srcset=\"https:\/\/www.aucoeurdelamain.fr\/wp-content\/uploads\/2019\/03\/Copie-de-Bureau-lyrique-tissu-Pierre-Frey-@Ateliers-BdM-650x650.jpg 650w, https:\/\/www.aucoeurdelamain.fr\/wp-content\/uploads\/2019\/03\/Copie-de-Bureau-lyrique-tissu-Pierre-Frey-@Ateliers-BdM-150x150.jpg 150w, https:\/\/www.aucoeurdelamain.fr\/wp-content\/uploads\/2019\/03\/Copie-de-Bureau-lyrique-tissu-Pierre-Frey-@Ateliers-BdM-450x450.jpg 450w, https:\/\/www.aucoeurdelamain.fr\/wp-content\/uploads\/2019\/03\/Copie-de-Bureau-lyrique-tissu-Pierre-Frey-@Ateliers-BdM-1300x1300.jpg 1300w, https:\/\/www.aucoeurdelamain.fr\/wp-content\/uploads\/2019\/03\/Copie-de-Bureau-lyrique-tissu-Pierre-Frey-@Ateliers-BdM-300x300.jpg 300w, https:\/\/www.aucoeurdelamain.fr\/wp-content\/uploads\/2019\/03\/Copie-de-Bureau-lyrique-tissu-Pierre-Frey-@Ateliers-BdM-100x100.jpg 100w\" sizes=\"(max-width: 650px) 100vw, 650px\" \/>\t<\/a>\n\t<\/div>\n<div class=\"mkdf-pli-text-holder\" >\n\t<div class=\"mkdf-pli-text-wrapper\">\n\t\t<div class=\"mkdf-pli-text\">\n\t\t\t\t<h5 itemprop=\"name\" class=\"mkdf-pli-title entry-title\" >\n\t\t<a itemprop=\"url\" href=\"https:\/\/www.aucoeurdelamain.fr\/index.php\/test1\/le-bureau-lyrique-charme-et-tissu\/\" target=\"_self\">\n\t\t\tLe Bureau Lyrique Charme et Tissu\t\t<\/a>\n\t<\/h5>\n\n\t\t\t\t\t<div class=\"mkdf-pli-category-holder\">\n\t\t\t\t\t\t\t<span class=\"mkdf-pli-category-outer\"><a itemprop=\"url\" class=\"mkdf-pli-category\" href=\"https:\/\/www.aucoeurdelamain.fr\/index.php\/portfolio-category\/les-bureaux-lyriques-collection\/\">Les Bureaux Lyriques - Collection<\/a><\/span>\n\t\t\t\t\t<\/div>\n\t\n\t\t\t\n\t\t\t\t\t<\/div>\n\t<\/div>\n<\/div>\n\t\t\t<\/div>\n<\/article>\n<article class=\"mkdf-pl-item mkdf-item-space  post-7865 portfolio-item type-portfolio-item status-publish has-post-thumbnail hentry portfolio-category-les-bureaux-lyriques-collection\" >\n\t<div class=\"mkdf-pl-item-inner\">\n\t\t<div class=\"mkdf-pli-image\">\n\t<a itemprop=\"url\" class=\"mkdf-pli-image-main\" href=\"https:\/\/www.aucoeurdelamain.fr\/index.php\/test1\/le-bureau-lyrique-en-noyer-et-poirier-teinte\/\" target=\"_self\">\n\t\t<img loading=\"lazy\" decoding=\"async\" width=\"650\" height=\"650\" src=\"https:\/\/www.aucoeurdelamain.fr\/wp-content\/uploads\/2019\/03\/bureaux-lyrique-poirier-650x650.jpg\" class=\"attachment-dor_mikado_image_square size-dor_mikado_image_square wp-post-image\" alt=\"\" srcset=\"https:\/\/www.aucoeurdelamain.fr\/wp-content\/uploads\/2019\/03\/bureaux-lyrique-poirier-650x650.jpg 650w, https:\/\/www.aucoeurdelamain.fr\/wp-content\/uploads\/2019\/03\/bureaux-lyrique-poirier-150x150.jpg 150w, https:\/\/www.aucoeurdelamain.fr\/wp-content\/uploads\/2019\/03\/bureaux-lyrique-poirier-450x450.jpg 450w, https:\/\/www.aucoeurdelamain.fr\/wp-content\/uploads\/2019\/03\/bureaux-lyrique-poirier-1300x1300.jpg 1300w, https:\/\/www.aucoeurdelamain.fr\/wp-content\/uploads\/2019\/03\/bureaux-lyrique-poirier-300x300.jpg 300w, https:\/\/www.aucoeurdelamain.fr\/wp-content\/uploads\/2019\/03\/bureaux-lyrique-poirier-100x100.jpg 100w\" sizes=\"(max-width: 650px) 100vw, 650px\" \/>\t<\/a>\n\t<\/div>\n<div class=\"mkdf-pli-text-holder\" >\n\t<div class=\"mkdf-pli-text-wrapper\">\n\t\t<div class=\"mkdf-pli-text\">\n\t\t\t\t<h5 itemprop=\"name\" class=\"mkdf-pli-title entry-title\" >\n\t\t<a itemprop=\"url\" href=\"https:\/\/www.aucoeurdelamain.fr\/index.php\/test1\/le-bureau-lyrique-en-noyer-et-poirier-teinte\/\" target=\"_self\">\n\t\t\tLe Bureau Lyrique en noyer et poirier teint\u00e9\t\t<\/a>\n\t<\/h5>\n\n\t\t\t\t\t<div class=\"mkdf-pli-category-holder\">\n\t\t\t\t\t\t\t<span class=\"mkdf-pli-category-outer\"><a itemprop=\"url\" class=\"mkdf-pli-category\" href=\"https:\/\/www.aucoeurdelamain.fr\/index.php\/portfolio-category\/les-bureaux-lyriques-collection\/\">Les Bureaux Lyriques - Collection<\/a><\/span>\n\t\t\t\t\t<\/div>\n\t\n\t\t\t\n\t\t\t\t\t<\/div>\n\t<\/div>\n<\/div>\n\t\t\t<\/div>\n<\/article>\t<\/div>\n\t\n\t<\/div>    <\/div>\n<\/div>\t\t\t\t<\/div>\n\t\t\t\t<\/div>\n\t\t\t\t\t<\/div>\n\t\t\t\t<\/div>\n\t\t\t\t<\/div>\n\t\t","protected":false},"excerpt":{"rendered":"<p>Le bureau Lyrique, pi\u00e8ce signature de la Maison Bdm Cette collection signature aux courbes sensuelles, organiques, proches de la sculpture, emprunte l\u2019\u00e9l\u00e9gance du style Louis XV et la fluidit\u00e9 des lignes contemporaines. Par ses formes dansantes et vaporeuses, o\u00f9 volutes de bois et tissus laqu\u00e9s ondulent et s\u2019entrem\u00ealent, Bruno de<\/p>\n","protected":false},"author":3,"featured_media":0,"parent":0,"menu_order":0,"comment_status":"closed","ping_status":"closed","template":"","meta":{"footnotes":""},"class_list":["post-7842","page","type-page","status-publish","hentry"],"jetpack_sharing_enabled":true,"_links":{"self":[{"href":"https:\/\/www.aucoeurdelamain.fr\/index.php\/wp-json\/wp\/v2\/pages\/7842","targetHints":{"allow":["GET"]}}],"collection":[{"href":"https:\/\/www.aucoeurdelamain.fr\/index.php\/wp-json\/wp\/v2\/pages"}],"about":[{"href":"https:\/\/www.aucoeurdelamain.fr\/index.php\/wp-json\/wp\/v2\/types\/page"}],"author":[{"embeddable":true,"href":"https:\/\/www.aucoeurdelamain.fr\/index.php\/wp-json\/wp\/v2\/users\/3"}],"replies":[{"embeddable":true,"href":"https:\/\/www.aucoeurdelamain.fr\/index.php\/wp-json\/wp\/v2\/comments?post=7842"}],"version-history":[{"count":23,"href":"https:\/\/www.aucoeurdelamain.fr\/index.php\/wp-json\/wp\/v2\/pages\/7842\/revisions"}],"predecessor-version":[{"id":8527,"href":"https:\/\/www.aucoeurdelamain.fr\/index.php\/wp-json\/wp\/v2\/pages\/7842\/revisions\/8527"}],"wp:attachment":[{"href":"https:\/\/www.aucoeurdelamain.fr\/index.php\/wp-json\/wp\/v2\/media?parent=7842"}],"curies":[{"name":"wp","href":"https:\/\/api.w.org\/{rel}","templated":true}]}}