{"id":7410,"date":"2025-04-23T10:16:18","date_gmt":"2025-04-23T08:16:18","guid":{"rendered":"https:\/\/www.aucoeurdelamain.fr\/?page_id=7410"},"modified":"2026-03-19T18:33:57","modified_gmt":"2026-03-19T17:33:57","slug":"journees-dimmersion-pour-les-particuliers","status":"publish","type":"page","link":"https:\/\/www.aucoeurdelamain.fr\/index.php\/journees-dimmersion-pour-les-particuliers\/","title":{"rendered":"Journ\u00e9es d&#8217;Immersion pour les particuliers"},"content":{"rendered":"<h3>Offrez-vous une journ\u00e9e hors du temps<\/h3>\n<h5>Offrez une \u00ab Invitation au c\u0153ur de vos Mains \u00bb<\/h5>\n<p><img fetchpriority=\"high\" decoding=\"async\" src=\"https:\/\/www.aucoeurdelamain.fr\/wp-content\/uploads\/2025\/04\/IMG_2543-1024x768.jpg\" sizes=\"(max-width: 1024px) 100vw, 1024px\" srcset=\"https:\/\/www.aucoeurdelamain.fr\/wp-content\/uploads\/2025\/04\/IMG_2543-1024x768.jpg 1024w, https:\/\/www.aucoeurdelamain.fr\/wp-content\/uploads\/2025\/04\/IMG_2543-300x225.jpg 300w, https:\/\/www.aucoeurdelamain.fr\/wp-content\/uploads\/2025\/04\/IMG_2543-768x576.jpg 768w, https:\/\/www.aucoeurdelamain.fr\/wp-content\/uploads\/2025\/04\/IMG_2543-1536x1152.jpg 1536w, https:\/\/www.aucoeurdelamain.fr\/wp-content\/uploads\/2025\/04\/IMG_2543-500x375.jpg 500w, https:\/\/www.aucoeurdelamain.fr\/wp-content\/uploads\/2025\/04\/IMG_2543-800x600.jpg 800w, https:\/\/www.aucoeurdelamain.fr\/wp-content\/uploads\/2025\/04\/IMG_2543-1280x960.jpg 1280w, https:\/\/www.aucoeurdelamain.fr\/wp-content\/uploads\/2025\/04\/IMG_2543-1920x1440.jpg 1920w, https:\/\/www.aucoeurdelamain.fr\/wp-content\/uploads\/2025\/04\/IMG_2543-600x450.jpg 600w\" alt=\"\" width=\"1024\" height=\"768\" \/><br \/>\n<img decoding=\"async\" src=\"https:\/\/www.aucoeurdelamain.fr\/wp-content\/uploads\/2025\/04\/IMG_6490-1024x768.jpg\" sizes=\"(max-width: 1024px) 100vw, 1024px\" srcset=\"https:\/\/www.aucoeurdelamain.fr\/wp-content\/uploads\/2025\/04\/IMG_6490-1024x768.jpg 1024w, https:\/\/www.aucoeurdelamain.fr\/wp-content\/uploads\/2025\/04\/IMG_6490-300x225.jpg 300w, https:\/\/www.aucoeurdelamain.fr\/wp-content\/uploads\/2025\/04\/IMG_6490-768x576.jpg 768w, https:\/\/www.aucoeurdelamain.fr\/wp-content\/uploads\/2025\/04\/IMG_6490-1536x1152.jpg 1536w, https:\/\/www.aucoeurdelamain.fr\/wp-content\/uploads\/2025\/04\/IMG_6490-500x375.jpg 500w, https:\/\/www.aucoeurdelamain.fr\/wp-content\/uploads\/2025\/04\/IMG_6490-800x600.jpg 800w, https:\/\/www.aucoeurdelamain.fr\/wp-content\/uploads\/2025\/04\/IMG_6490-1280x960.jpg 1280w, https:\/\/www.aucoeurdelamain.fr\/wp-content\/uploads\/2025\/04\/IMG_6490-1920x1440.jpg 1920w, https:\/\/www.aucoeurdelamain.fr\/wp-content\/uploads\/2025\/04\/IMG_6490-600x450.jpg 600w\" alt=\"\" width=\"1024\" height=\"768\" \/><\/p>\n<p><strong>Venez r\u00e9aliser un plateau en bois<\/strong>\u00a0(plateau d\u2019ap\u00e9ritif, planche \u00e0 d\u00e9couper, plateau \u00e0 fromages, planche pour la viande) ou un petit banc. Ces objets permettent d\u2019aller \u00e0 votre rythme et d\u2019exp\u00e9rimenter les techniques que vous souhaitez tout en allant au si loin que vous voulez.\u00a0<strong>D\u00e9connectez de votre quotidien le temps d\u2019une journ\u00e9e<\/strong>.<\/p>\n<p><strong>Tarif &amp; lieu de l\u2019immersion<\/strong> : 199\u20ac la journ\u00e9e, d\u00e9jeuner inclus \u2013 3 rue de la Grange Colombe &#8211; 78 120 Rambouillet<br \/>\nLien pour r\u00e9server directement :\u00a0<a href=\"https:\/\/www.daphneboutique.fr\/index.php\/product\/cast-sconce-wall-lamp\/\">https:\/\/www.daphneboutique.fr\/index.php\/product\/cast-sconce-wall-lamp\/<\/a><\/p>\n<p>Pour toutes demandes d\u2019inscriptions ou envoi d\u2019une invitation contactez laure@bdm.paris. Nous\u00a0<strong>limitons volontairement \u00e0 10 artisans par journ\u00e9e pour \u00eatre \u00e0 disponible et \u00e0 l\u2019\u00e9coute de chacun<\/strong>.<br \/>\nN\u2019h\u00e9sitez pas \u00e0 diffuser l\u2019information.<\/p>\n<p>Notre prochain atelier n\u2019attend que vous vendredi 12 juin 2026.<\/p>\n<p><strong>A tr\u00e8s bient\u00f4t au milieu de quelques copeaux,<\/strong><\/p>\n<p>L\u2019\u00e9quipe \u00ab Au coeur de vps mains \u00bb<\/p>\n<p><img decoding=\"async\" src=\"https:\/\/www.aucoeurdelamain.fr\/wp-content\/uploads\/2025\/04\/Copie-de-IMG_8305-scaled-500x500.jpg\" alt=\"\" width=\"500\" height=\"500\" \/><br \/>\n<img loading=\"lazy\" decoding=\"async\" src=\"https:\/\/www.aucoeurdelamain.fr\/wp-content\/uploads\/2025\/04\/IMG_0079-scaled-500x500.jpg\" alt=\"\" width=\"500\" height=\"500\" \/><br \/>\n<img loading=\"lazy\" decoding=\"async\" src=\"https:\/\/www.aucoeurdelamain.fr\/wp-content\/uploads\/2025\/04\/Copie-de-IMG_8298-scaled-500x500.jpg\" alt=\"\" width=\"500\" height=\"500\" \/><br \/>\n<img loading=\"lazy\" decoding=\"async\" src=\"https:\/\/www.aucoeurdelamain.fr\/wp-content\/uploads\/2025\/04\/IMG_3722-1-scaled-500x500.jpg\" alt=\"\" width=\"500\" height=\"500\" \/><br \/>\n<img loading=\"lazy\" decoding=\"async\" src=\"https:\/\/www.aucoeurdelamain.fr\/wp-content\/uploads\/2025\/04\/atelier-immersions-transmissions-3-500x500.jpg\" alt=\"\" width=\"500\" height=\"500\" \/><br \/>\n<img loading=\"lazy\" decoding=\"async\" src=\"https:\/\/www.aucoeurdelamain.fr\/wp-content\/uploads\/2025\/04\/IMG_3723-scaled-500x500.jpg\" alt=\"\" width=\"500\" height=\"500\" \/><br \/>\n<img loading=\"lazy\" decoding=\"async\" src=\"https:\/\/www.aucoeurdelamain.fr\/wp-content\/uploads\/2025\/04\/Copie-de-IMG_0060-scaled-500x500.jpg\" alt=\"\" width=\"500\" height=\"500\" \/><br \/>\n<img loading=\"lazy\" decoding=\"async\" src=\"https:\/\/www.aucoeurdelamain.fr\/wp-content\/uploads\/2025\/04\/immersion-echec-realisation-2-scaled-500x500.jpg\" alt=\"\" width=\"500\" height=\"500\" \/><br \/>\n<img loading=\"lazy\" decoding=\"async\" src=\"https:\/\/www.aucoeurdelamain.fr\/wp-content\/uploads\/2025\/04\/Copie-de-IMG_8336-scaled-500x500.jpg\" alt=\"\" width=\"500\" height=\"500\" \/><br \/>\n<img loading=\"lazy\" decoding=\"async\" src=\"https:\/\/www.aucoeurdelamain.fr\/wp-content\/uploads\/2025\/04\/Copie-de-IMG_4030-scaled-500x500.jpg\" alt=\"\" width=\"500\" height=\"500\" \/><br \/>\n<img loading=\"lazy\" decoding=\"async\" src=\"https:\/\/www.aucoeurdelamain.fr\/wp-content\/uploads\/2025\/04\/Copie-de-Copie-de-IMG_9968-scaled-500x500.jpg\" alt=\"\" width=\"500\" height=\"500\" \/><br \/>\n<img loading=\"lazy\" decoding=\"async\" src=\"https:\/\/www.aucoeurdelamain.fr\/wp-content\/uploads\/2025\/04\/atelier-immersions-transmissions-500x500.jpg\" alt=\"\" width=\"500\" height=\"500\" \/><br \/>\nparticipants aux journ\u00e9es d&#8217;immersions<br \/>\n0<\/p>\n<h2>Notre Equipe<\/h2>\n<p><img loading=\"lazy\" decoding=\"async\" src=\"https:\/\/www.aucoeurdelamain.fr\/wp-content\/uploads\/2025\/04\/IMG_6049-scaled.jpg\" sizes=\"(max-width: 1920px) 100vw, 1920px\" srcset=\"https:\/\/www.aucoeurdelamain.fr\/wp-content\/uploads\/2025\/04\/IMG_6049-scaled.jpg 1920w, https:\/\/www.aucoeurdelamain.fr\/wp-content\/uploads\/2025\/04\/IMG_6049-225x300.jpg 225w, https:\/\/www.aucoeurdelamain.fr\/wp-content\/uploads\/2025\/04\/IMG_6049-768x1024.jpg 768w, https:\/\/www.aucoeurdelamain.fr\/wp-content\/uploads\/2025\/04\/IMG_6049-1152x1536.jpg 1152w, https:\/\/www.aucoeurdelamain.fr\/wp-content\/uploads\/2025\/04\/IMG_6049-1536x2048.jpg 1536w, https:\/\/www.aucoeurdelamain.fr\/wp-content\/uploads\/2025\/04\/IMG_6049-600x800.jpg 600w\" alt=\"\" width=\"1920\" height=\"2560\" \/><\/p>\n<h5 class=\"mkdf-team-name\">Bruno de Maistre<\/h5>\n<h6>Fondateur et \u00e9beniste<\/h6>\n<p><img loading=\"lazy\" decoding=\"async\" src=\"https:\/\/www.aucoeurdelamain.fr\/wp-content\/uploads\/2025\/04\/atelier-immersions-transmissions-1.jpg\" sizes=\"(max-width: 1536px) 100vw, 1536px\" srcset=\"https:\/\/www.aucoeurdelamain.fr\/wp-content\/uploads\/2025\/04\/atelier-immersions-transmissions-1.jpg 1536w, https:\/\/www.aucoeurdelamain.fr\/wp-content\/uploads\/2025\/04\/atelier-immersions-transmissions-1-225x300.jpg 225w, https:\/\/www.aucoeurdelamain.fr\/wp-content\/uploads\/2025\/04\/atelier-immersions-transmissions-1-768x1024.jpg 768w, https:\/\/www.aucoeurdelamain.fr\/wp-content\/uploads\/2025\/04\/atelier-immersions-transmissions-1-1152x1536.jpg 1152w, https:\/\/www.aucoeurdelamain.fr\/wp-content\/uploads\/2025\/04\/atelier-immersions-transmissions-1-600x800.jpg 600w\" alt=\"\" width=\"1536\" height=\"2048\" \/><\/p>\n<h5 class=\"mkdf-team-name\">Matteo Lep\u00e8re<\/h5>\n<h6>Ebeniste<\/h6>\n<p><img loading=\"lazy\" decoding=\"async\" src=\"https:\/\/www.aucoeurdelamain.fr\/wp-content\/uploads\/2025\/04\/Copie-de-DSCF6542-scaled-e1744274330167.jpg\" sizes=\"(max-width: 1440px) 100vw, 1440px\" srcset=\"https:\/\/www.aucoeurdelamain.fr\/wp-content\/uploads\/2025\/04\/Copie-de-DSCF6542-scaled-e1744274330167.jpg 1440w, https:\/\/www.aucoeurdelamain.fr\/wp-content\/uploads\/2025\/04\/Copie-de-DSCF6542-scaled-e1744274330167-225x300.jpg 225w, https:\/\/www.aucoeurdelamain.fr\/wp-content\/uploads\/2025\/04\/Copie-de-DSCF6542-scaled-e1744274330167-768x1024.jpg 768w, https:\/\/www.aucoeurdelamain.fr\/wp-content\/uploads\/2025\/04\/Copie-de-DSCF6542-scaled-e1744274330167-1152x1536.jpg 1152w, https:\/\/www.aucoeurdelamain.fr\/wp-content\/uploads\/2025\/04\/Copie-de-DSCF6542-scaled-e1744274330167-600x800.jpg 600w\" alt=\"\" width=\"1440\" height=\"1920\" \/><\/p>\n<h5 class=\"mkdf-team-name\">Laure de Maistre<\/h5>\n<h6>Directrice financi\u00e8re<\/h6>\n<p><img loading=\"lazy\" decoding=\"async\" src=\"https:\/\/www.aucoeurdelamain.fr\/wp-content\/uploads\/2025\/04\/8238e3ce-6a77-46bf-b0c8-287f8f796b76-1.jpg\" sizes=\"(max-width: 1200px) 100vw, 1200px\" srcset=\"https:\/\/www.aucoeurdelamain.fr\/wp-content\/uploads\/2025\/04\/8238e3ce-6a77-46bf-b0c8-287f8f796b76-1.jpg 1200w, https:\/\/www.aucoeurdelamain.fr\/wp-content\/uploads\/2025\/04\/8238e3ce-6a77-46bf-b0c8-287f8f796b76-1-227x300.jpg 227w, https:\/\/www.aucoeurdelamain.fr\/wp-content\/uploads\/2025\/04\/8238e3ce-6a77-46bf-b0c8-287f8f796b76-1-773x1024.jpg 773w, https:\/\/www.aucoeurdelamain.fr\/wp-content\/uploads\/2025\/04\/8238e3ce-6a77-46bf-b0c8-287f8f796b76-1-768x1017.jpg 768w, https:\/\/www.aucoeurdelamain.fr\/wp-content\/uploads\/2025\/04\/8238e3ce-6a77-46bf-b0c8-287f8f796b76-1-1160x1536.jpg 1160w, https:\/\/www.aucoeurdelamain.fr\/wp-content\/uploads\/2025\/04\/8238e3ce-6a77-46bf-b0c8-287f8f796b76-1-600x795.jpg 600w\" alt=\"\" width=\"1200\" height=\"1589\" \/><\/p>\n<h5 class=\"mkdf-team-name\">Louis-Marie DESRUELLES<\/h5>\n<h6>Apprenti \u00e9b\u00e9niste<\/h6>\n<p><img loading=\"lazy\" decoding=\"async\" src=\"https:\/\/www.aucoeurdelamain.fr\/wp-content\/uploads\/2025\/04\/IMG_3929-scaled.jpg\" sizes=\"(max-width: 1920px) 100vw, 1920px\" srcset=\"https:\/\/www.aucoeurdelamain.fr\/wp-content\/uploads\/2025\/04\/IMG_3929-scaled.jpg 1920w, https:\/\/www.aucoeurdelamain.fr\/wp-content\/uploads\/2025\/04\/IMG_3929-225x300.jpg 225w, https:\/\/www.aucoeurdelamain.fr\/wp-content\/uploads\/2025\/04\/IMG_3929-768x1024.jpg 768w, https:\/\/www.aucoeurdelamain.fr\/wp-content\/uploads\/2025\/04\/IMG_3929-1152x1536.jpg 1152w, https:\/\/www.aucoeurdelamain.fr\/wp-content\/uploads\/2025\/04\/IMG_3929-1536x2048.jpg 1536w, https:\/\/www.aucoeurdelamain.fr\/wp-content\/uploads\/2025\/04\/IMG_3929-600x800.jpg 600w\" alt=\"\" width=\"1920\" height=\"2560\" \/><\/p>\n<h5 class=\"mkdf-team-name\">Alexandre DEROUET<\/h5>\n<h6>Apprenti \u00e9beniste<\/h6>\n<p><img loading=\"lazy\" decoding=\"async\" src=\"https:\/\/www.aucoeurdelamain.fr\/wp-content\/uploads\/2025\/04\/f69cefe2-4b8d-4dcf-8aef-b4b8da2ad019.jpg\" sizes=\"(max-width: 1200px) 100vw, 1200px\" srcset=\"https:\/\/www.aucoeurdelamain.fr\/wp-content\/uploads\/2025\/04\/f69cefe2-4b8d-4dcf-8aef-b4b8da2ad019.jpg 1200w, https:\/\/www.aucoeurdelamain.fr\/wp-content\/uploads\/2025\/04\/f69cefe2-4b8d-4dcf-8aef-b4b8da2ad019-225x300.jpg 225w, https:\/\/www.aucoeurdelamain.fr\/wp-content\/uploads\/2025\/04\/f69cefe2-4b8d-4dcf-8aef-b4b8da2ad019-768x1024.jpg 768w, https:\/\/www.aucoeurdelamain.fr\/wp-content\/uploads\/2025\/04\/f69cefe2-4b8d-4dcf-8aef-b4b8da2ad019-1152x1536.jpg 1152w, https:\/\/www.aucoeurdelamain.fr\/wp-content\/uploads\/2025\/04\/f69cefe2-4b8d-4dcf-8aef-b4b8da2ad019-600x800.jpg 600w\" alt=\"\" width=\"1200\" height=\"1600\" \/><\/p>\n<h5 class=\"mkdf-team-name\">Rapha\u00ebl RICHARD<\/h5>\n<h6>Stagiaire Design<\/h6>\n","protected":false},"excerpt":{"rendered":"<p>Offrez-vous une journ\u00e9e hors du temps Offrez une \u00ab Invitation au c\u0153ur de vos Mains \u00bb Venez r\u00e9aliser un plateau en bois\u00a0(plateau d\u2019ap\u00e9ritif, planche \u00e0 d\u00e9couper, plateau \u00e0 fromages, planche pour la viande) ou un petit banc. Ces objets permettent d\u2019aller \u00e0 votre rythme et d\u2019exp\u00e9rimenter les techniques que vous<\/p>\n","protected":false},"author":3,"featured_media":0,"parent":0,"menu_order":0,"comment_status":"closed","ping_status":"closed","template":"","meta":{"footnotes":""},"class_list":["post-7410","page","type-page","status-publish","hentry"],"jetpack_sharing_enabled":true,"_links":{"self":[{"href":"https:\/\/www.aucoeurdelamain.fr\/index.php\/wp-json\/wp\/v2\/pages\/7410","targetHints":{"allow":["GET"]}}],"collection":[{"href":"https:\/\/www.aucoeurdelamain.fr\/index.php\/wp-json\/wp\/v2\/pages"}],"about":[{"href":"https:\/\/www.aucoeurdelamain.fr\/index.php\/wp-json\/wp\/v2\/types\/page"}],"author":[{"embeddable":true,"href":"https:\/\/www.aucoeurdelamain.fr\/index.php\/wp-json\/wp\/v2\/users\/3"}],"replies":[{"embeddable":true,"href":"https:\/\/www.aucoeurdelamain.fr\/index.php\/wp-json\/wp\/v2\/comments?post=7410"}],"version-history":[{"count":47,"href":"https:\/\/www.aucoeurdelamain.fr\/index.php\/wp-json\/wp\/v2\/pages\/7410\/revisions"}],"predecessor-version":[{"id":9483,"href":"https:\/\/www.aucoeurdelamain.fr\/index.php\/wp-json\/wp\/v2\/pages\/7410\/revisions\/9483"}],"wp:attachment":[{"href":"https:\/\/www.aucoeurdelamain.fr\/index.php\/wp-json\/wp\/v2\/media?parent=7410"}],"curies":[{"name":"wp","href":"https:\/\/api.w.org\/{rel}","templated":true}]}}